{"id":1294,"date":"2017-05-24T15:26:47","date_gmt":"2017-05-24T13:26:47","guid":{"rendered":"https:\/\/dev.firm4sale.ch\/?page_id=1294"},"modified":"2022-06-06T20:16:57","modified_gmt":"2022-06-06T18:16:57","slug":"impressum","status":"publish","type":"page","link":"https:\/\/dev.firm4sale.ch\/fr\/impressum\/","title":{"rendered":"Impressum"},"content":{"rendered":"\n<h3 class=\"wp-block-heading\">FIRM4SALE S\u00e0rl<\/h3>\n\n\n\n<div class=\"wp-block-columns is-layout-flex wp-container-core-columns-is-layout-9d6595d7 wp-block-columns-is-layout-flex\">\n<div class=\"wp-block-column is-vertically-aligned-top is-layout-flow wp-block-column-is-layout-flow\">\n<div style=\"height:35px\" aria-hidden=\"true\" class=\"wp-block-spacer\"><\/div>\n\n\n\n<p><strong>c\/o MICHEL FONTANA SA<\/strong><br>Chemin du Petit Pont 1 \/ Place de la Fontaine<br>CH &#8211; 1185 Mont-sur-Rolle<\/p>\n\n\n\n<p>T\u00e9l\u00e9phone: +41 21 825 48 48 (Avant de nous t\u00e9l\u00e9phoner, veuillez lire le texte en rouge qui se trouve sur la page <a href=\"https:\/\/dev.firm4sale.ch\/fr\/contact\/contact-2\/?lang=fr\">contact<\/a>. Merci!)<br>T\u00e9l\u00e9copie: +41 21 825 48 55<br>Email: <a href=\"mailto:michel-fontana@firm4sale.ch\">michel-fontana@firm4sale.ch<\/a><\/p>\n<\/div>\n\n\n\n<div class=\"wp-block-column is-layout-flow wp-block-column-is-layout-flow\">\n<figure class=\"wp-block-image size-full\"><img loading=\"lazy\" decoding=\"async\" width=\"800\" height=\"450\" src=\"https:\/\/dev.firm4sale.ch\/wp-content\/uploads\/2017\/01\/institut-michel-fontana.png\" alt=\"\" class=\"wp-image-6889\" srcset=\"https:\/\/dev.firm4sale.ch\/wp-content\/uploads\/2017\/01\/institut-michel-fontana.png 800w, https:\/\/dev.firm4sale.ch\/wp-content\/uploads\/2017\/01\/institut-michel-fontana-600x338.png 600w, https:\/\/dev.firm4sale.ch\/wp-content\/uploads\/2017\/01\/institut-michel-fontana-300x169.png 300w, https:\/\/dev.firm4sale.ch\/wp-content\/uploads\/2017\/01\/institut-michel-fontana-768x432.png 768w\" sizes=\"(max-width: 800px) 100vw, 800px\" \/><\/figure>\n<\/div>\n<\/div>\n\n\n\n<h4 class=\"wp-block-heading\"><strong>Bienvenue !<\/strong><\/h4>\n\n\n\n<p><strong>Instructions \u00e0 l&rsquo;acquisition de donn\u00e9es<\/strong><br>Ce site Web utilise Google Analytics, un service d&rsquo;analyse du r\u00e9seau Google Inc. (\u00ab\u00a0Google\u00a0\u00bb). Les renseignements saisis par Google sont trait\u00e9s sous sa seule responsabilit\u00e9. Google Analytics utilise des \u00ab\u00a0cookies\u00a0\u00bb, qui enregistrent des donn\u00e9es qui sont sauvegard\u00e9es sur votre ordinateur, afin de permettre une analyse de l&rsquo;utilisation faite du site Web. Ces renseignements (y compris l&rsquo;adresse IP des internautes) sont transmises \u00e0 un serveur appartenant \u00e0 Google aux USA qui les sauvegarde. Google utilise ces renseignements afin d&rsquo;analyser le comportement des utilisateurs du site Web et d&rsquo;\u00e9tablir des rapports pour leurs exploitants.<\/p>\n\n\n\n<p><strong>Instructions de responsabilit\u00e9<\/strong><br>Ce site Web a \u00e9t\u00e9 con\u00e7u avec le plus grand soin. FIRM4SALE se r\u00e9serve le droit de modifier en tout temps et sans avis pr\u00e9alable toutes les informations, donn\u00e9es, fonctionnalit\u00e9s et liens ext\u00e9rieurs de ce site. FIRM4SALE ne peut en aucun cas est tenu responsable de quelques pr\u00e9judice que ce soit qui puisse \u00eatre provoqu\u00e9 \u00e0 qui que ce soit en cas de modifications des conditions ou du contenu. Nous ne portons aucune responsabilit\u00e9 quant \u00e0 l&rsquo;exactitude des renseignements contenus dans ce site. Tout comme FIRM4SALE ne peut en aucun cas \u00eatre tenu responsable directement ou indirectement de l&rsquo;utilisation de ce site Web. Prenez encore s.v.p. connaissance des conditions g\u00e9n\u00e9rales d&rsquo;utilisation.<\/p>\n\n\n\n<div style=\"height:50px\" aria-hidden=\"true\" class=\"wp-block-spacer\"><\/div>\n\n\n\n<p><strong>Webmaster :<\/strong> <a href=\"https:\/\/www.app-n-web.ch\" target=\"_blank\" aria-label=\" (opens in a new tab)\" rel=\"noreferrer noopener\" class=\"ek-link\">App &lsquo;n&rsquo; Web<\/a><\/p>\n","protected":false},"excerpt":{"rendered":"<p>FIRM4SALE S\u00e0rl c\/o MICHEL FONTANA SAChemin du Petit Pont 1 \/ Place de la FontaineCH &#8211; 1185 Mont-sur-Rolle T\u00e9l\u00e9phone: +41 21 825 48 48 (Avant de nous t\u00e9l\u00e9phoner, veuillez lire le texte en rouge qui se trouve sur la page contact. Merci!)T\u00e9l\u00e9copie: +41 21 825 48 55Email: michel-fontana@firm4sale.ch Bienvenue ! Instructions \u00e0 l&rsquo;acquisition de donn\u00e9esCe [&hellip;]<\/p>\n","protected":false},"author":1,"featured_media":32653,"parent":0,"menu_order":0,"comment_status":"closed","ping_status":"closed","template":"","meta":{"_et_pb_use_builder":"","_et_pb_old_content":"","_et_gb_content_width":"","footnotes":""},"class_list":["post-1294","page","type-page","status-publish","has-post-thumbnail","hentry"],"yoast_head":"<!-- This site is optimized with the Yoast SEO plugin v27.4 - https:\/\/yoast.com\/product\/yoast-seo-wordpress\/ -->\n<title>Impressum - FIRM4SALE<\/title>\n<meta name=\"robots\" content=\"index, follow, max-snippet:-1, max-image-preview:large, max-video-preview:-1\" \/>\n<link rel=\"canonical\" href=\"https:\/\/firm4sale.ch\/impressum\/?lang=fr\" \/>\n<meta property=\"og:locale\" content=\"fr_FR\" \/>\n<meta property=\"og:type\" content=\"article\" \/>\n<meta property=\"og:title\" content=\"Impressum - FIRM4SALE\" \/>\n<meta property=\"og:description\" content=\"FIRM4SALE S\u00e0rl c\/o MICHEL FONTANA SAChemin du Petit Pont 1 \/ Place de la FontaineCH &#8211; 1185 Mont-sur-Rolle T\u00e9l\u00e9phone: +41 21 825 48 48 (Avant de nous t\u00e9l\u00e9phoner, veuillez lire le texte en rouge qui se trouve sur la page contact. Merci!)T\u00e9l\u00e9copie: +41 21 825 48 55Email: michel-fontana@firm4sale.ch Bienvenue ! Instructions \u00e0 l&rsquo;acquisition de donn\u00e9esCe [&hellip;]\" \/>\n<meta property=\"og:url\" content=\"https:\/\/firm4sale.ch\/impressum\/?lang=fr\" \/>\n<meta property=\"og:site_name\" content=\"FIRM4SALE\" \/>\n<meta property=\"article:publisher\" content=\"https:\/\/www.facebook.com\/Firm4Sale\/\" \/>\n<meta property=\"article:modified_time\" content=\"2022-06-06T18:16:57+00:00\" \/>\n<meta property=\"og:image\" content=\"https:\/\/firm4sale.ch\/wp-content\/uploads\/2022\/06\/info-dark.jpg\" \/>\n\t<meta property=\"og:image:width\" content=\"1999\" \/>\n\t<meta property=\"og:image:height\" content=\"1335\" \/>\n\t<meta property=\"og:image:type\" content=\"image\/jpeg\" \/>\n<meta name=\"twitter:card\" content=\"summary_large_image\" \/>\n<meta name=\"twitter:label1\" content=\"Dur\u00e9e de lecture estim\u00e9e\" \/>\n\t<meta name=\"twitter:data1\" content=\"2 minutes\" \/>\n<script type=\"application\/ld+json\" class=\"yoast-schema-graph\">{\"@context\":\"https:\\\/\\\/schema.org\",\"@graph\":[{\"@type\":\"WebPage\",\"@id\":\"https:\\\/\\\/dev.firm4sale.ch\\\/fr\\\/impressum\\\/\",\"url\":\"https:\\\/\\\/firm4sale.ch\\\/impressum\\\/?lang=fr\",\"name\":\"Impressum - FIRM4SALE\",\"isPartOf\":{\"@id\":\"https:\\\/\\\/firm4sale.ch\\\/#website\"},\"primaryImageOfPage\":{\"@id\":\"https:\\\/\\\/firm4sale.ch\\\/impressum\\\/?lang=fr#primaryimage\"},\"image\":{\"@id\":\"https:\\\/\\\/firm4sale.ch\\\/impressum\\\/?lang=fr#primaryimage\"},\"thumbnailUrl\":\"https:\\\/\\\/dev.firm4sale.ch\\\/wp-content\\\/uploads\\\/2022\\\/06\\\/info-dark.jpg\",\"datePublished\":\"2017-05-24T13:26:47+00:00\",\"dateModified\":\"2022-06-06T18:16:57+00:00\",\"breadcrumb\":{\"@id\":\"https:\\\/\\\/firm4sale.ch\\\/impressum\\\/?lang=fr#breadcrumb\"},\"inLanguage\":\"fr-FR\",\"potentialAction\":[{\"@type\":\"ReadAction\",\"target\":[\"https:\\\/\\\/firm4sale.ch\\\/impressum\\\/?lang=fr\"]}]},{\"@type\":\"ImageObject\",\"inLanguage\":\"fr-FR\",\"@id\":\"https:\\\/\\\/firm4sale.ch\\\/impressum\\\/?lang=fr#primaryimage\",\"url\":\"https:\\\/\\\/dev.firm4sale.ch\\\/wp-content\\\/uploads\\\/2022\\\/06\\\/info-dark.jpg\",\"contentUrl\":\"https:\\\/\\\/dev.firm4sale.ch\\\/wp-content\\\/uploads\\\/2022\\\/06\\\/info-dark.jpg\",\"width\":1999,\"height\":1335},{\"@type\":\"BreadcrumbList\",\"@id\":\"https:\\\/\\\/firm4sale.ch\\\/impressum\\\/?lang=fr#breadcrumb\",\"itemListElement\":[{\"@type\":\"ListItem\",\"position\":1,\"name\":\"Accueil\",\"item\":\"https:\\\/\\\/firm4sale.ch\\\/fr\\\/\"},{\"@type\":\"ListItem\",\"position\":2,\"name\":\"Impressum\"}]},{\"@type\":\"WebSite\",\"@id\":\"https:\\\/\\\/firm4sale.ch\\\/#website\",\"url\":\"https:\\\/\\\/firm4sale.ch\\\/\",\"name\":\"FIRM4SALE\",\"description\":\"\u200bL&#039;unique site de rencontres qui met directement en relation vendeurs et acheteurs d&#039;entreprises.\",\"publisher\":{\"@id\":\"https:\\\/\\\/firm4sale.ch\\\/#organization\"},\"potentialAction\":[{\"@type\":\"SearchAction\",\"target\":{\"@type\":\"EntryPoint\",\"urlTemplate\":\"https:\\\/\\\/firm4sale.ch\\\/?s={search_term_string}\"},\"query-input\":{\"@type\":\"PropertyValueSpecification\",\"valueRequired\":true,\"valueName\":\"search_term_string\"}}],\"inLanguage\":\"fr-FR\"},{\"@type\":\"Organization\",\"@id\":\"https:\\\/\\\/firm4sale.ch\\\/#organization\",\"name\":\"FIRM4SALE\",\"url\":\"https:\\\/\\\/firm4sale.ch\\\/\",\"logo\":{\"@type\":\"ImageObject\",\"inLanguage\":\"fr-FR\",\"@id\":\"https:\\\/\\\/firm4sale.ch\\\/#\\\/schema\\\/logo\\\/image\\\/\",\"url\":\"\",\"contentUrl\":\"\",\"caption\":\"FIRM4SALE\"},\"image\":{\"@id\":\"https:\\\/\\\/firm4sale.ch\\\/#\\\/schema\\\/logo\\\/image\\\/\"},\"sameAs\":[\"https:\\\/\\\/www.facebook.com\\\/Firm4Sale\\\/\"]}]}<\/script>\n<!-- \/ Yoast SEO plugin. -->","yoast_head_json":{"title":"Impressum - FIRM4SALE","robots":{"index":"index","follow":"follow","max-snippet":"max-snippet:-1","max-image-preview":"max-image-preview:large","max-video-preview":"max-video-preview:-1"},"canonical":"https:\/\/firm4sale.ch\/impressum\/?lang=fr","og_locale":"fr_FR","og_type":"article","og_title":"Impressum - FIRM4SALE","og_description":"FIRM4SALE S\u00e0rl c\/o MICHEL FONTANA SAChemin du Petit Pont 1 \/ Place de la FontaineCH &#8211; 1185 Mont-sur-Rolle T\u00e9l\u00e9phone: +41 21 825 48 48 (Avant de nous t\u00e9l\u00e9phoner, veuillez lire le texte en rouge qui se trouve sur la page contact. Merci!)T\u00e9l\u00e9copie: +41 21 825 48 55Email: michel-fontana@firm4sale.ch Bienvenue ! Instructions \u00e0 l&rsquo;acquisition de donn\u00e9esCe [&hellip;]","og_url":"https:\/\/firm4sale.ch\/impressum\/?lang=fr","og_site_name":"FIRM4SALE","article_publisher":"https:\/\/www.facebook.com\/Firm4Sale\/","article_modified_time":"2022-06-06T18:16:57+00:00","og_image":[{"width":1999,"height":1335,"url":"https:\/\/firm4sale.ch\/wp-content\/uploads\/2022\/06\/info-dark.jpg","type":"image\/jpeg"}],"twitter_card":"summary_large_image","twitter_misc":{"Dur\u00e9e de lecture estim\u00e9e":"2 minutes"},"schema":{"@context":"https:\/\/schema.org","@graph":[{"@type":"WebPage","@id":"https:\/\/dev.firm4sale.ch\/fr\/impressum\/","url":"https:\/\/firm4sale.ch\/impressum\/?lang=fr","name":"Impressum - FIRM4SALE","isPartOf":{"@id":"https:\/\/firm4sale.ch\/#website"},"primaryImageOfPage":{"@id":"https:\/\/firm4sale.ch\/impressum\/?lang=fr#primaryimage"},"image":{"@id":"https:\/\/firm4sale.ch\/impressum\/?lang=fr#primaryimage"},"thumbnailUrl":"https:\/\/dev.firm4sale.ch\/wp-content\/uploads\/2022\/06\/info-dark.jpg","datePublished":"2017-05-24T13:26:47+00:00","dateModified":"2022-06-06T18:16:57+00:00","breadcrumb":{"@id":"https:\/\/firm4sale.ch\/impressum\/?lang=fr#breadcrumb"},"inLanguage":"fr-FR","potentialAction":[{"@type":"ReadAction","target":["https:\/\/firm4sale.ch\/impressum\/?lang=fr"]}]},{"@type":"ImageObject","inLanguage":"fr-FR","@id":"https:\/\/firm4sale.ch\/impressum\/?lang=fr#primaryimage","url":"https:\/\/dev.firm4sale.ch\/wp-content\/uploads\/2022\/06\/info-dark.jpg","contentUrl":"https:\/\/dev.firm4sale.ch\/wp-content\/uploads\/2022\/06\/info-dark.jpg","width":1999,"height":1335},{"@type":"BreadcrumbList","@id":"https:\/\/firm4sale.ch\/impressum\/?lang=fr#breadcrumb","itemListElement":[{"@type":"ListItem","position":1,"name":"Accueil","item":"https:\/\/firm4sale.ch\/fr\/"},{"@type":"ListItem","position":2,"name":"Impressum"}]},{"@type":"WebSite","@id":"https:\/\/firm4sale.ch\/#website","url":"https:\/\/firm4sale.ch\/","name":"FIRM4SALE","description":"\u200bL&#039;unique site de rencontres qui met directement en relation vendeurs et acheteurs d&#039;entreprises.","publisher":{"@id":"https:\/\/firm4sale.ch\/#organization"},"potentialAction":[{"@type":"SearchAction","target":{"@type":"EntryPoint","urlTemplate":"https:\/\/firm4sale.ch\/?s={search_term_string}"},"query-input":{"@type":"PropertyValueSpecification","valueRequired":true,"valueName":"search_term_string"}}],"inLanguage":"fr-FR"},{"@type":"Organization","@id":"https:\/\/firm4sale.ch\/#organization","name":"FIRM4SALE","url":"https:\/\/firm4sale.ch\/","logo":{"@type":"ImageObject","inLanguage":"fr-FR","@id":"https:\/\/firm4sale.ch\/#\/schema\/logo\/image\/","url":"","contentUrl":"","caption":"FIRM4SALE"},"image":{"@id":"https:\/\/firm4sale.ch\/#\/schema\/logo\/image\/"},"sameAs":["https:\/\/www.facebook.com\/Firm4Sale\/"]}]}},"_links":{"self":[{"href":"https:\/\/dev.firm4sale.ch\/fr\/wp-json\/wp\/v2\/pages\/1294","targetHints":{"allow":["GET"]}}],"collection":[{"href":"https:\/\/dev.firm4sale.ch\/fr\/wp-json\/wp\/v2\/pages"}],"about":[{"href":"https:\/\/dev.firm4sale.ch\/fr\/wp-json\/wp\/v2\/types\/page"}],"author":[{"embeddable":true,"href":"https:\/\/dev.firm4sale.ch\/fr\/wp-json\/wp\/v2\/users\/1"}],"replies":[{"embeddable":true,"href":"https:\/\/dev.firm4sale.ch\/fr\/wp-json\/wp\/v2\/comments?post=1294"}],"version-history":[{"count":24,"href":"https:\/\/dev.firm4sale.ch\/fr\/wp-json\/wp\/v2\/pages\/1294\/revisions"}],"predecessor-version":[{"id":32661,"href":"https:\/\/dev.firm4sale.ch\/fr\/wp-json\/wp\/v2\/pages\/1294\/revisions\/32661"}],"wp:featuredmedia":[{"embeddable":true,"href":"https:\/\/dev.firm4sale.ch\/fr\/wp-json\/wp\/v2\/media\/32653"}],"wp:attachment":[{"href":"https:\/\/dev.firm4sale.ch\/fr\/wp-json\/wp\/v2\/media?parent=1294"}],"curies":[{"name":"wp","href":"https:\/\/api.w.org\/{rel}","templated":true}]}}