{"id":1315,"date":"2017-05-24T15:29:38","date_gmt":"2017-05-24T13:29:38","guid":{"rendered":"https:\/\/dev.firm4sale.ch\/?page_id=1315"},"modified":"2022-10-19T17:15:34","modified_gmt":"2022-10-19T15:15:34","slug":"vendre-mon-entreprise-ou-restaurant","status":"publish","type":"page","link":"https:\/\/dev.firm4sale.ch\/fr\/vendre-mon-entreprise-ou-restaurant\/","title":{"rendered":"Vendre restaurant \/ entreprise"},"content":{"rendered":"<h2 class=\"firm_value_button_block\"><a class=\"firm_value_button_link\" href=\"https:\/\/michelfontana.ch\/calculateur-prix-entreprise-en-ligne\/\" target=\"_blank\" rel=\"noopener\">Calculez la valeur de votre entreprise et obtenez l&rsquo;estimation gratuitement et imm\u00e9diatement sur votre email<\/a><\/h2>\n<h2 class=\"\"><strong class=\"text-red\">Votre annonce de vente vous permet en plus de contacter (sous pseudo!) les repreneurs potentiels de votre entreprise\/restaurant.<\/strong><\/h2>\n<h1 style=\"font-size: 30px !important;\"><strong>Ne payez aucune commission pour vendre votre restaurant, commerce ou PME.<\/strong><\/h1>\n\n\n<div style=\"height:25px\" aria-hidden=\"true\" class=\"wp-block-spacer\"><\/div>\n\n\n\n<div class=\"wp-block-columns is-layout-flex wp-container-core-columns-is-layout-9d6595d7 wp-block-columns-is-layout-flex\">\n<div class=\"wp-block-column is-layout-flow wp-block-column-is-layout-flow\">\n<div class=\"wp-block-buttons is-layout-flex wp-block-buttons-is-layout-flex\">\n<div class=\"wp-block-button has-custom-width wp-block-button__width-100 pictobtn is-style-fill\"><a class=\"wp-block-button__link has-blue-2-color has-white-1-background-color has-text-color has-background\" href=\"https:\/\/dev.firm4sale.ch\/fr\/parametres-du-compte\/nouvelle-annonce-de-vente\/\" style=\"border-radius:2px\"><i class=\"fas fa-5x fa-edit\"><\/i><br>Je publie mon annonce &#8211; ZERO commission!<\/a><\/div>\n<\/div>\n<\/div>\n\n\n\n<div class=\"wp-block-column is-layout-flow wp-block-column-is-layout-flow\">\n<div class=\"wp-block-buttons is-layout-flex wp-block-buttons-is-layout-flex\">\n<div class=\"wp-block-button has-custom-width wp-block-button__width-100 pictobtn is-style-fill\"><a class=\"wp-block-button__link has-blue-2-color has-white-1-background-color has-text-color has-background\" href=\"https:\/\/dev.firm4sale.ch\/fr\/liste-des-acheteurs-potentiels\/\" style=\"border-radius:2px\"><i class=\"fas fa-5x fa-user-friends\"><\/i><br>Liste des 2528 repreneurs potentiels<\/a><\/div>\n<\/div>\n<\/div>\n<\/div>\n\n\n<p><span class=\"logo_style\">FIRM<strong class=\"text-red\">4<\/strong>SALE :<\/span> <strong class=\"text-red\">le moyen le plus \u00e9conomique et le plus rapide pour trouver un acheteur pour votre restaurant ou votre entreprise sous couvert d&rsquo;anonymat. Cette marketplace est le leader en Suisse gr\u00e2ce \u00e0 un r\u00e9f\u00e9rencement optimal et au nombre impressionnant de visiteurs toujours en augmentation. Visitez r\u00e9guli\u00e8rement les nouvelles annonces de repreneurs : leur nombre ne cesse d&rsquo;augmenter!<\/strong><br><span class=\"logo_style\">FIRM<strong class=\"text-red\">4<\/strong>SALE<\/span><strong class=\"text-red\"> ne facture aucun courtage. Elle n&rsquo;est financ\u00e9e que par les annonces.<\/strong><\/p>\n<p>Vous trouverez plein d&rsquo;informations tr\u00e8s utiles sur la proc\u00e9dure de rachat d\u2019une entreprise sur le <a class=\"kmu_portal\" href=\"https:\/\/www.kmu.admin.ch\/kmu\/fr\/home\/savoir-pratique\/succession-cessation-d-activite\/transmission-entreprise.html\" target=\"_blank\" rel=\"noopener noreferrer\">Portail PME<\/a> de la Conf\u00e9d\u00e9ration Suisse, ainsi que les diverses mani\u00e8res d\u2019en <a href=\"https:\/\/www.kmu.admin.ch\/kmu\/fr\/home\/savoir-pratique\/succession-cessation-d-activite\/transmission-entreprise\/evaluer-l_entreprise.html\" target=\"_blank\" rel=\"noopener noreferrer\">estimer<\/a> la valeur.<\/p>\n<p>\u00abEn Suisse, 95% des soci\u00e9t\u00e9s reprises existent encore apr\u00e8s 5 ans\u00bb<\/p>\n<p>\u00abPlus de 20% des PME auront un nouveau propri\u00e9taire d\u2019ici cinq ans\u00bb<\/p>\n<p><a href=\"https:\/\/www.kmu.admin.ch\/kmu\/fr\/home\/savoir-pratique\/succession-cessation-d-activite\/transmission-entreprise.html\" target=\"_blank\" rel=\"noopener noreferrer\">Source<\/a>: Portail PME de la Conf\u00e9d\u00e9ration Suisse<\/p>\n<p><strong><a href=\"https:\/\/dev.firm4sale.ch\/financer-l-acquisition-d-une-societe\/?lang=fr\"><span style=\"color: #ff0000;\">NOUVELLE OPTION FACULTATIVE : Vous pouvez maintenant d\u00e9montrer la solvabilit\u00e9 de votre entreprise gr\u00e2ce au rating que vous pourrez calculer sur le site de notre partenaire swisspeers. Cela vous permet d&rsquo;informer ais\u00e9ment les acheteurs potentiels de l&rsquo;\u00e9tat financier de votre entreprise et de faciliter le financement de la transaction.<\/span><\/a><\/strong><\/p>","protected":false},"excerpt":{"rendered":"<p>Calculez la valeur de votre entreprise et obtenez l&rsquo;estimation gratuitement et imm\u00e9diatement sur votre email Votre annonce de vente vous permet en plus de contacter (sous pseudo!) les repreneurs potentiels de votre entreprise\/restaurant. Ne payez aucune commission pour vendre votre restaurant, commerce ou PME. FIRM4SALE : le moyen le plus \u00e9conomique et le plus rapide [&hellip;]<\/p>\n","protected":false},"author":1,"featured_media":6919,"parent":0,"menu_order":0,"comment_status":"closed","ping_status":"closed","template":"","meta":{"_et_pb_use_builder":"","_et_pb_old_content":"","_et_gb_content_width":"","footnotes":""},"class_list":["post-1315","page","type-page","status-publish","has-post-thumbnail","hentry"],"yoast_head":"<!-- This site is optimized with the Yoast SEO plugin v27.4 - https:\/\/yoast.com\/product\/yoast-seo-wordpress\/ -->\n<title>Vendre restaurant \/ entreprise - FIRM4SALE<\/title>\n<meta name=\"description\" content=\"Vendre mon entreprise sans payer de courtage : Publiez votre annonce pour \u00eatre contact\u00e9 et contactez imm\u00e9diatement les acheteurs enregistr\u00e9s!\" \/>\n<meta name=\"robots\" content=\"index, follow, max-snippet:-1, max-image-preview:large, max-video-preview:-1\" \/>\n<link rel=\"canonical\" href=\"https:\/\/firm4sale.ch\/vendre-mon-entreprise\/?lang=fr\" \/>\n<meta property=\"og:locale\" content=\"fr_FR\" \/>\n<meta property=\"og:type\" content=\"article\" \/>\n<meta property=\"og:title\" content=\"Vendre restaurant \/ entreprise - FIRM4SALE\" \/>\n<meta property=\"og:description\" content=\"Vendre mon entreprise sans payer de courtage : Publiez votre annonce pour \u00eatre contact\u00e9 et contactez imm\u00e9diatement les acheteurs enregistr\u00e9s!\" \/>\n<meta property=\"og:url\" content=\"https:\/\/firm4sale.ch\/vendre-mon-entreprise\/?lang=fr\" \/>\n<meta property=\"og:site_name\" content=\"FIRM4SALE\" \/>\n<meta property=\"article:publisher\" content=\"https:\/\/www.facebook.com\/Firm4Sale\/\" \/>\n<meta property=\"article:modified_time\" content=\"2022-10-19T15:15:34+00:00\" \/>\n<meta property=\"og:image\" content=\"https:\/\/firm4sale.ch\/wp-content\/uploads\/2017\/01\/vendeur_bg.jpg\" \/>\n\t<meta property=\"og:image:width\" content=\"1900\" \/>\n\t<meta property=\"og:image:height\" content=\"470\" \/>\n\t<meta property=\"og:image:type\" content=\"image\/jpeg\" \/>\n<meta name=\"twitter:card\" content=\"summary_large_image\" \/>\n<meta name=\"twitter:label1\" content=\"Dur\u00e9e de lecture estim\u00e9e\" \/>\n\t<meta name=\"twitter:data1\" content=\"2 minutes\" \/>\n<script type=\"application\/ld+json\" class=\"yoast-schema-graph\">{\"@context\":\"https:\\\/\\\/schema.org\",\"@graph\":[{\"@type\":\"WebPage\",\"@id\":\"https:\\\/\\\/dev.firm4sale.ch\\\/fr\\\/vendre-mon-entreprise-ou-restaurant\\\/\",\"url\":\"https:\\\/\\\/firm4sale.ch\\\/vendre-mon-entreprise\\\/?lang=fr\",\"name\":\"Vendre restaurant \\\/ entreprise - FIRM4SALE\",\"isPartOf\":{\"@id\":\"https:\\\/\\\/firm4sale.ch\\\/#website\"},\"primaryImageOfPage\":{\"@id\":\"https:\\\/\\\/firm4sale.ch\\\/vendre-mon-entreprise\\\/?lang=fr#primaryimage\"},\"image\":{\"@id\":\"https:\\\/\\\/firm4sale.ch\\\/vendre-mon-entreprise\\\/?lang=fr#primaryimage\"},\"thumbnailUrl\":\"https:\\\/\\\/dev.firm4sale.ch\\\/wp-content\\\/uploads\\\/2017\\\/01\\\/vendeur_bg.jpg\",\"datePublished\":\"2017-05-24T13:29:38+00:00\",\"dateModified\":\"2022-10-19T15:15:34+00:00\",\"description\":\"Vendre mon entreprise sans payer de courtage : Publiez votre annonce pour \u00eatre contact\u00e9 et contactez imm\u00e9diatement les acheteurs enregistr\u00e9s!\",\"breadcrumb\":{\"@id\":\"https:\\\/\\\/firm4sale.ch\\\/vendre-mon-entreprise\\\/?lang=fr#breadcrumb\"},\"inLanguage\":\"fr-FR\",\"potentialAction\":[{\"@type\":\"ReadAction\",\"target\":[\"https:\\\/\\\/firm4sale.ch\\\/vendre-mon-entreprise\\\/?lang=fr\"]}]},{\"@type\":\"ImageObject\",\"inLanguage\":\"fr-FR\",\"@id\":\"https:\\\/\\\/firm4sale.ch\\\/vendre-mon-entreprise\\\/?lang=fr#primaryimage\",\"url\":\"https:\\\/\\\/dev.firm4sale.ch\\\/wp-content\\\/uploads\\\/2017\\\/01\\\/vendeur_bg.jpg\",\"contentUrl\":\"https:\\\/\\\/dev.firm4sale.ch\\\/wp-content\\\/uploads\\\/2017\\\/01\\\/vendeur_bg.jpg\",\"width\":1900,\"height\":470},{\"@type\":\"BreadcrumbList\",\"@id\":\"https:\\\/\\\/firm4sale.ch\\\/vendre-mon-entreprise\\\/?lang=fr#breadcrumb\",\"itemListElement\":[{\"@type\":\"ListItem\",\"position\":1,\"name\":\"Accueil\",\"item\":\"https:\\\/\\\/firm4sale.ch\\\/fr\\\/\"},{\"@type\":\"ListItem\",\"position\":2,\"name\":\"Vendre restaurant \\\/ entreprise\"}]},{\"@type\":\"WebSite\",\"@id\":\"https:\\\/\\\/firm4sale.ch\\\/#website\",\"url\":\"https:\\\/\\\/firm4sale.ch\\\/\",\"name\":\"FIRM4SALE\",\"description\":\"\u200bL&#039;unique site de rencontres qui met directement en relation vendeurs et acheteurs d&#039;entreprises.\",\"publisher\":{\"@id\":\"https:\\\/\\\/firm4sale.ch\\\/#organization\"},\"potentialAction\":[{\"@type\":\"SearchAction\",\"target\":{\"@type\":\"EntryPoint\",\"urlTemplate\":\"https:\\\/\\\/firm4sale.ch\\\/?s={search_term_string}\"},\"query-input\":{\"@type\":\"PropertyValueSpecification\",\"valueRequired\":true,\"valueName\":\"search_term_string\"}}],\"inLanguage\":\"fr-FR\"},{\"@type\":\"Organization\",\"@id\":\"https:\\\/\\\/firm4sale.ch\\\/#organization\",\"name\":\"FIRM4SALE\",\"url\":\"https:\\\/\\\/firm4sale.ch\\\/\",\"logo\":{\"@type\":\"ImageObject\",\"inLanguage\":\"fr-FR\",\"@id\":\"https:\\\/\\\/firm4sale.ch\\\/#\\\/schema\\\/logo\\\/image\\\/\",\"url\":\"\",\"contentUrl\":\"\",\"caption\":\"FIRM4SALE\"},\"image\":{\"@id\":\"https:\\\/\\\/firm4sale.ch\\\/#\\\/schema\\\/logo\\\/image\\\/\"},\"sameAs\":[\"https:\\\/\\\/www.facebook.com\\\/Firm4Sale\\\/\"]}]}<\/script>\n<!-- \/ Yoast SEO plugin. -->","yoast_head_json":{"title":"Vendre restaurant \/ entreprise - FIRM4SALE","description":"Vendre mon entreprise sans payer de courtage : Publiez votre annonce pour \u00eatre contact\u00e9 et contactez imm\u00e9diatement les acheteurs enregistr\u00e9s!","robots":{"index":"index","follow":"follow","max-snippet":"max-snippet:-1","max-image-preview":"max-image-preview:large","max-video-preview":"max-video-preview:-1"},"canonical":"https:\/\/firm4sale.ch\/vendre-mon-entreprise\/?lang=fr","og_locale":"fr_FR","og_type":"article","og_title":"Vendre restaurant \/ entreprise - FIRM4SALE","og_description":"Vendre mon entreprise sans payer de courtage : Publiez votre annonce pour \u00eatre contact\u00e9 et contactez imm\u00e9diatement les acheteurs enregistr\u00e9s!","og_url":"https:\/\/firm4sale.ch\/vendre-mon-entreprise\/?lang=fr","og_site_name":"FIRM4SALE","article_publisher":"https:\/\/www.facebook.com\/Firm4Sale\/","article_modified_time":"2022-10-19T15:15:34+00:00","og_image":[{"width":1900,"height":470,"url":"https:\/\/firm4sale.ch\/wp-content\/uploads\/2017\/01\/vendeur_bg.jpg","type":"image\/jpeg"}],"twitter_card":"summary_large_image","twitter_misc":{"Dur\u00e9e de lecture estim\u00e9e":"2 minutes"},"schema":{"@context":"https:\/\/schema.org","@graph":[{"@type":"WebPage","@id":"https:\/\/dev.firm4sale.ch\/fr\/vendre-mon-entreprise-ou-restaurant\/","url":"https:\/\/firm4sale.ch\/vendre-mon-entreprise\/?lang=fr","name":"Vendre restaurant \/ entreprise - FIRM4SALE","isPartOf":{"@id":"https:\/\/firm4sale.ch\/#website"},"primaryImageOfPage":{"@id":"https:\/\/firm4sale.ch\/vendre-mon-entreprise\/?lang=fr#primaryimage"},"image":{"@id":"https:\/\/firm4sale.ch\/vendre-mon-entreprise\/?lang=fr#primaryimage"},"thumbnailUrl":"https:\/\/dev.firm4sale.ch\/wp-content\/uploads\/2017\/01\/vendeur_bg.jpg","datePublished":"2017-05-24T13:29:38+00:00","dateModified":"2022-10-19T15:15:34+00:00","description":"Vendre mon entreprise sans payer de courtage : Publiez votre annonce pour \u00eatre contact\u00e9 et contactez imm\u00e9diatement les acheteurs enregistr\u00e9s!","breadcrumb":{"@id":"https:\/\/firm4sale.ch\/vendre-mon-entreprise\/?lang=fr#breadcrumb"},"inLanguage":"fr-FR","potentialAction":[{"@type":"ReadAction","target":["https:\/\/firm4sale.ch\/vendre-mon-entreprise\/?lang=fr"]}]},{"@type":"ImageObject","inLanguage":"fr-FR","@id":"https:\/\/firm4sale.ch\/vendre-mon-entreprise\/?lang=fr#primaryimage","url":"https:\/\/dev.firm4sale.ch\/wp-content\/uploads\/2017\/01\/vendeur_bg.jpg","contentUrl":"https:\/\/dev.firm4sale.ch\/wp-content\/uploads\/2017\/01\/vendeur_bg.jpg","width":1900,"height":470},{"@type":"BreadcrumbList","@id":"https:\/\/firm4sale.ch\/vendre-mon-entreprise\/?lang=fr#breadcrumb","itemListElement":[{"@type":"ListItem","position":1,"name":"Accueil","item":"https:\/\/firm4sale.ch\/fr\/"},{"@type":"ListItem","position":2,"name":"Vendre restaurant \/ entreprise"}]},{"@type":"WebSite","@id":"https:\/\/firm4sale.ch\/#website","url":"https:\/\/firm4sale.ch\/","name":"FIRM4SALE","description":"\u200bL&#039;unique site de rencontres qui met directement en relation vendeurs et acheteurs d&#039;entreprises.","publisher":{"@id":"https:\/\/firm4sale.ch\/#organization"},"potentialAction":[{"@type":"SearchAction","target":{"@type":"EntryPoint","urlTemplate":"https:\/\/firm4sale.ch\/?s={search_term_string}"},"query-input":{"@type":"PropertyValueSpecification","valueRequired":true,"valueName":"search_term_string"}}],"inLanguage":"fr-FR"},{"@type":"Organization","@id":"https:\/\/firm4sale.ch\/#organization","name":"FIRM4SALE","url":"https:\/\/firm4sale.ch\/","logo":{"@type":"ImageObject","inLanguage":"fr-FR","@id":"https:\/\/firm4sale.ch\/#\/schema\/logo\/image\/","url":"","contentUrl":"","caption":"FIRM4SALE"},"image":{"@id":"https:\/\/firm4sale.ch\/#\/schema\/logo\/image\/"},"sameAs":["https:\/\/www.facebook.com\/Firm4Sale\/"]}]}},"_links":{"self":[{"href":"https:\/\/dev.firm4sale.ch\/fr\/wp-json\/wp\/v2\/pages\/1315","targetHints":{"allow":["GET"]}}],"collection":[{"href":"https:\/\/dev.firm4sale.ch\/fr\/wp-json\/wp\/v2\/pages"}],"about":[{"href":"https:\/\/dev.firm4sale.ch\/fr\/wp-json\/wp\/v2\/types\/page"}],"author":[{"embeddable":true,"href":"https:\/\/dev.firm4sale.ch\/fr\/wp-json\/wp\/v2\/users\/1"}],"replies":[{"embeddable":true,"href":"https:\/\/dev.firm4sale.ch\/fr\/wp-json\/wp\/v2\/comments?post=1315"}],"version-history":[{"count":127,"href":"https:\/\/dev.firm4sale.ch\/fr\/wp-json\/wp\/v2\/pages\/1315\/revisions"}],"predecessor-version":[{"id":40184,"href":"https:\/\/dev.firm4sale.ch\/fr\/wp-json\/wp\/v2\/pages\/1315\/revisions\/40184"}],"wp:featuredmedia":[{"embeddable":true,"href":"https:\/\/dev.firm4sale.ch\/fr\/wp-json\/wp\/v2\/media\/6919"}],"wp:attachment":[{"href":"https:\/\/dev.firm4sale.ch\/fr\/wp-json\/wp\/v2\/media?parent=1315"}],"curies":[{"name":"wp","href":"https:\/\/api.w.org\/{rel}","templated":true}]}}