{"id":1320,"date":"2017-05-24T15:30:39","date_gmt":"2017-05-24T13:30:39","guid":{"rendered":"https:\/\/dev.firm4sale.ch\/?page_id=1320"},"modified":"2025-07-10T15:51:47","modified_gmt":"2025-07-10T13:51:47","slug":"conditions-generales","status":"publish","type":"page","link":"https:\/\/dev.firm4sale.ch\/fr\/conditions-generales\/","title":{"rendered":"Conditions g\u00e9n\u00e9rales d\u2019utilisation et charte"},"content":{"rendered":"<h4>Description de <span class=\"logo_style\">FIRM4SALE<\/span><\/h4>\n<p><span class=\"logo_style\">FIRM4SALE<\/span> est une plateforme qui a pour but d\u2019augmenter la transparence et la liquidit\u00e9 du march\u00e9 des cessions et acquisitions d\u2019entreprises. <span class=\"logo_style\">FIRM4SALE<\/span> se limite \u00e0 faciliter au plus grand nombre des contact sous pseudonyme entre personnes qui cherchent, soit un acqu\u00e9reur pour leur entreprise, soit une entreprise \u00e0 acheter. <span class=\"logo_style\">FIRM4SALE<\/span> n&rsquo;accepte pas de publier des annonces \u00e0 d&rsquo;autres fins que celle de la transmission d&rsquo;entreprises \u00e0 l&rsquo;exception de terrains \/ locaux \u00e0 usage professionnel. <strong>Les personnes qui s&rsquo;enregistrent sous une adresse incompl\u00e8te ou fausse, une fausse<\/strong> <strong>identit\u00e9, qui tentent de d\u00e9tourner les buts de la plateforme ou qui par leur l\u00e9g\u00e8ret\u00e9 tentent de publier<\/strong>\u00a0<strong>des annonces de trop mauvaise qualit\u00e9 verront leur acc\u00e8s \u00e0 la plateforme bloqu\u00e9.<\/strong><\/p>\n<p>Nous recommandons aux vendeurs d&rsquo;exiger de la part des acheteurs potentiels une lettre de confort \/ preuve de capital d&rsquo;un montant au moins \u00e9quivalent \u00e0 50 % de la valeur de l&rsquo;entreprise \u00e0 vendre.<\/p>\n<p><span class=\"logo_style\">FIRM4SALE<\/span> assure l\u2019h\u00e9bergement de ses services, mais ne peut en aucun cas \u00eatre tenu pour responsable du contenu des profils de ses Membres. <span class=\"logo_style\">FIRM4SALE<\/span> ne garantit pas l\u2019exactitude des donn\u00e9es pr\u00e9sent\u00e9es sur le site. D\u2019une part, <span class=\"logo_style\">FIRM4SALE<\/span> ne peut pas v\u00e9rifier toutes les donn\u00e9es des Membres et d\u2019autre part, certains profils de vendeurs peuvent \u00eatre pr\u00e9sent\u00e9s de fa\u00e7on quelque peu approximative, afin ne pas laisser transpara\u00eetre leur identit\u00e9 dans le but de prot\u00e9ger leurs int\u00e9r\u00eats commerciaux ou \u00e9conomiques dans la phase de la transmission. Avant d&rsquo;\u00eatre publi\u00e9es, les annonces sont simplement lues par nos collaborateurs et corrig\u00e9es si n\u00e9cessaire. Seules les annonces correctement r\u00e9dig\u00e9e seront publi\u00e9es! Veuillez s&rsquo;il vous plait soigner l&rsquo;orthographe et la syntaxe. Toute indication permettant d&rsquo;identifier l&rsquo;annonceur (ex: adresse \u00e9lectronique, t\u00e9l\u00e9phone&#8230;) est prohib\u00e9e et sera effac\u00e9e.<\/p>\n<p>Tout vendeur ou acqu\u00e9reur devra donc dans un second temps absolument obtenir et v\u00e9rifier toutes les informations n\u00e9cessaires par ses propres moyens ou en se faisant aider par des sp\u00e9cialistes en la mati\u00e8re. <span class=\"logo_style\">FIRM4SALE<\/span> ne peut en aucun cas \u00eatre tenu responsable d\u2019\u00e9checs dans le nombre ou la qualit\u00e9 des \u00ab rencontres \u00bb faites au travers du site.<\/p>\n<h4>Membre titulaire d\u2019un compte <span class=\"logo_style\">FIRM4SALE<\/span><\/h4>\n<p>Un Membre est titulaire d\u2019un compte d\u00e8s qu\u2019il a compl\u00e9t\u00e9 le formulaire d\u2019inscription CORRECTEMENT et COMPLETEMENT, accept\u00e9 les conditions g\u00e9n\u00e9rales d\u2019utilisation de <span class=\"logo_style\">FIRM4SALE<\/span> et pour les vendeurs uniquement que la somme due EST acquitt\u00e9e (LES ACHETEURS NE PAIENT RIEN!). Les membres enregistr\u00e9s avec de fausses indications (faux nom, fausse adresse&#8230;) peuvent \u00eatre \u00e9limin\u00e9s du site sans pr\u00e9avis. La date de paiement de l\u2019\u00e9molument est conserv\u00e9e comme preuve de l\u2019existence du contrat qui lie <span class=\"logo_style\">FIRM4SALE<\/span> avec le Membre. Tout Membre sera enregistr\u00e9 automatiquement dans la base de donn\u00e9es de <span class=\"logo_style\">FIRM4SALE<\/span>. <span class=\"logo_style\">FIRM4SALE<\/span> ne pourra pas \u00eatre tenu responsable de cons\u00e9quences \u00e9ventuellement n\u00e9gatives de cet enregistrement. <span class=\"logo_style\">FIRM4SALE<\/span> s\u2019engage \u00e0 ne pas diffuser les adresses e-mail de ses Membres.<\/p>\n<h4>Acc\u00e8s \u00e0 la plateforme <span class=\"logo_style\">FIRM4SALE<\/span><\/h4>\n<p>Seules les personnes physiques de plus de 18 ans, disposant de la capacit\u00e9 de discernement et de la capacit\u00e9 d\u2019exercer leurs droits civils peuvent devenir Membres de <span class=\"logo_style\">FIRM4SALE<\/span>. Le Membre est identifiable par son identifiant et son mot de passe. Le mot de passe est confidentiel. Le Membre est responsable de l\u2019utilisation qu\u2019il fait de son mot de passe. L\u2019acc\u00e8s au site se fait au travers de l\u2019utilisation de l\u2019identifiant et du mot de passe. <span class=\"logo_style\">FIRM4SALE<\/span> ne peut en aucun cas \u00eatre tenu responsable de l\u2019utilisation frauduleuse de votre compte par des personnes qui auraient pu abuser de votre identifiant et\/ou votre mot de passe. Le Membre est le seul responsable de son compte, de l\u2019utilisation qu\u2019il en fait et de son contenu. Il s\u2019engage \u00e0 ne pas transmettre de message \u00e0 caract\u00e8re injurieux, diffamatoire, raciste ou \u00e0 encourager la haine raciale, religieuse. Toute incitation \u00e0 toute forme d\u2019agressivit\u00e9 ou d\u2019\u00e9loge au terrorisme est interdite. <span class=\"logo_style\">FIRM4SALE<\/span> ne peut en aucun cas \u00eatre au courant de tous les contenus et de tous les messages et ne peut donc pas en \u00eatre tenu pour responsable. <span class=\"logo_style\">FIRM4SALE<\/span> se r\u00e9serve le droit d\u2019exclure sans d\u00e9lai tous les Membres qui seraient identifi\u00e9s comme s\u2019adonnant \u00e0 des activit\u00e9s proscrites. Ce genre d\u2019exclusion ne donne droit \u00e0 aucun remboursement.<\/p>\n<h4>Qualit\u00e9 des services<\/h4>\n<p>Dans le but de faciliter les services de <span class=\"logo_style\">FIRM4SALE<\/span> et au regard de l\u2019\u00e9volution constante de l\u2019informatique et d\u2019internet, nous serons amen\u00e9s \u00e0 modifier certaines caract\u00e9ristiques du site. Les Membres sont donc tenus de respecter les indications qui sont donn\u00e9es sur le site. <span class=\"logo_style\">FIRM4SALE<\/span> peut \u00eatre amen\u00e9 pour des raisons techniques \u00e0 devoir supprimer tout ou partie d\u2019un compte si des caract\u00e9ristiques techniques de ce dernier posent des probl\u00e8mes ou peuvent amener des perturbations au fonctionnement du site. Le cas \u00e9ch\u00e9ant le Membre en sera inform\u00e9 par e-mail, par courrier ou autre moyen consid\u00e9r\u00e9 par <span class=\"logo_style\">FIRM4SALE<\/span> comme appropri\u00e9.<\/p>\n<h4>H\u00e9bergement et s\u00e9curit\u00e9<\/h4>\n<p>Le Membre respectera les requ\u00eates de <span class=\"logo_style\">FIRM4SALE<\/span>, notamment pour la taille des textes et illustrations mises en ligne. Les utilisateurs et Membres d\u00e9clarent conna\u00eetre parfaitement les risques encourus lors de l\u2019utilisation du r\u00e9seau internet et de tout r\u00e9seau social. Il d\u00e9clare qu\u2019il a connaissance que toute transmission de donn\u00e9es par internet repr\u00e9sente le risque d\u2019\u00eatre capt\u00e9, modifi\u00e9 et\/ ou transf\u00e9r\u00e9 par des personnes physiques, morales, des groupes d\u2019int\u00e9r\u00eats ou des \u00e9tats. Il sait aussi que des documents transmis peuvent \u00eatre corrompus, que des personnes mal intentionn\u00e9es peuvent par divers moyens perturber la communication sur le r\u00e9seau ou s\u2019introduire de fa\u00e7on illicite dans leur compte ou dans <span class=\"logo_style\">FIRM4SALE<\/span> afin de corrompre des donn\u00e9es ou de les accaparer. Chaque Membre doit prendre toutes les mesures n\u00e9cessaires afin d\u2019\u00e9viter tout d\u00e9sagr\u00e9ment et ses cons\u00e9quences notamment en limitant la quantit\u00e9 d\u2019informations transmises au minimum n\u00e9cessaire, afin de ne pas prendre de risques inutiles. <span class=\"logo_style\">FIRM4SALE<\/span> s\u2019efforce de maintenir son site accessible en tout temps. <span class=\"logo_style\">FIRM4SALE<\/span> peut interrompre les acc\u00e8s afin de r\u00e9aliser des mises \u00e0 jour ou pour toute autre raison. Cependant, il ne peut en aucun cas \u00eatre tenu responsable d\u2019une inaccessibilit\u00e9 temporaire. <span class=\"logo_style\">FIRM4SALE<\/span> ne dispose pas d\u2019une \u00ab hotline \u00bb ouverte 24\/24 et ne r\u00e9pond \u00e0 aucune question concernant des probl\u00e8mes techniques ou informatiques de ses Membres ou de tout autre utilisateur. Pour les questions ou propositions d\u2019am\u00e9lioration de l\u2019architecture du site, vous pouvez transmettre un message par le formulaire de contact en indiquant aussi un num\u00e9ro de t\u00e9l\u00e9phone o\u00f9 on peut vous joindre. <span class=\"logo_style\">FIRM4SALE<\/span> ne peut en aucun cas \u00eatre tenu responsable des cons\u00e9quences li\u00e9es \u00e0 des probl\u00e8mes techniques.<\/p>\n<h4>Fichier des Membres<\/h4>\n<p><span class=\"logo_style\">FIRM4SALE<\/span> s\u2019octroie le droit de constituer un fichier de toutes les donn\u00e9es qui lui sont transmises. Ce fichier est r\u00e9serv\u00e9 \u00e0 l\u2019usage interne.<\/p>\n<h4>Publicit\u00e9 et communication<\/h4>\n<p><span class=\"logo_style\">FIRM4SALE<\/span> a le droit de communiquer \u00e0 des tiers des donn\u00e9es non-nominatives d\u2019ordre statistique uniquement \u00e0 des fins d\u2019information, de communication ou de publicit\u00e9. <span class=\"logo_style\">FIRM4SALE<\/span> peut utiliser vos donn\u00e9es afin de vous transmettre des offres susceptibles de vous int\u00e9resser, mais s\u2019engage \u00e0 ne jamais les transmettre \u00e0 des tiers.<\/p>\n<p><span class=\"logo_style\">FIRM4SALE<\/span> peut, \u00e0 des fins de publicit\u00e9, mettre en exergue, tout ou partie de ce qu\u2019un Membre \u00e0 choisi de mettre en ligne de fa\u00e7on visible de tous.<\/p>\n<h4>Non respect de la charte et des Conditions G\u00e9n\u00e9rales d\u2019Utilisation<\/h4>\n<p>En cas de non respect des pr\u00e9sentes conditions g\u00e9n\u00e9rales, le Membre sera averti par le moyen choisi par <span class=\"logo_style\">FIRM4SALE<\/span> afin de modifier sans d\u00e9lai son comportement ou sa publication. En cas de non respect plus grave de la pr\u00e9sente charte et des conditions g\u00e9n\u00e9rales d\u2019utilisation., <span class=\"logo_style\">FIRM4SALE<\/span> peut r\u00e9silier le compte de plein droit, sans d\u00e9lai et sans formalit\u00e9, sans aucun pr\u00e9judice. En outre toutes les donn\u00e9es \u00e0 disposition de <span class=\"logo_style\">FIRM4SALE<\/span> peuvent \u00eatre transmises \u00e0 l\u2019instance judiciaire en cas de demande et cela sans aucun pr\u00e9judice. Les sommes vers\u00e9es restent propri\u00e9t\u00e9 de <span class=\"logo_style\">FIRM4SALE<\/span>. Les frais de m\u00e9diation, d\u2019avocats et de justice factur\u00e9s \u00e0 <span class=\"logo_style\">FIRM4SALE<\/span> provoqu\u00e9s par une personne morale ou physique qui ne respecte pas les conditions g\u00e9n\u00e9rales ou les lois en vigueur seront payables par celle-ci. Si <span class=\"logo_style\">FIRM4SALE<\/span> re\u00e7oit une r\u00e9clamation, elle la transmet par le moyen qu\u2019elle juge appropri\u00e9 au Membre concern\u00e9.<\/p>\n<h4>Tarifs<\/h4>\n<p><span class=\"text-bleu\" style=\"color: blue;\">L&rsquo;abonnement pour les annonces d&rsquo;acheteurs est gratuit.<br \/>\nLe tarif de l&rsquo;abonnement pour les annonces de vendeurs est de Fr. 58.&#8211; par mois. Le tarif de l\u2019abonnement que vous souscrivez reste acquis, m\u00eame en cas d\u2019augmentation pour les nouveaux clients. L\u2019abonnement mensuel \u00e0 FIRM4SALE se renouvelle tacitement pour la m\u00eame dur\u00e9e et aux m\u00eames conditions et peut \u00e0 tout moment \u00eatre r\u00e9sili\u00e9 sans aucun frais et sans indication de motif. La r\u00e9siliation prend effet \u00e0 la date d\u2019\u00e9ch\u00e9ance de l\u2019abonnement en cours pour autant que la notification nous soit parvenue au plus tard 48 h avant celle-ci.<\/span><\/p>\n<h4 class=\"text-bleu\" style=\"color: blue;\"><strong> La r\u00e9siliation s&rsquo;op\u00e8re en cliquant sur le bouton rouge \u00ab\u00a0R\u00e9silier l&rsquo;abonnement\u00a0\u00bb qui se trouve au bas de la page \u00ab\u00a0Param\u00e8tres du compte\u00a0\u00bb. Si vous rencontrez un probl\u00e8me au moment de l&rsquo;achat ou de la r\u00e9siliation de votre abonnement, n&rsquo;h\u00e9sitez pas \u00e0 nous contacter.<\/strong><\/h4>\n<p><span class=\"logo_style\">FIRM4SALE<\/span> ne per\u00e7oit aucune commission!<\/p>\n<h4>Modifications des Conditions G\u00e9n\u00e9rales d\u2019Utilisation et la Charte<\/h4>\n<p><span class=\"logo_style\">FIRM4SALE<\/span> peut modifier ses conditions g\u00e9n\u00e9rales en tout temps. Les Membres sont donc tenus de v\u00e9rifier r\u00e9guli\u00e8rement le contenu des CGU pour v\u00e9rifier s\u2019ils peuvent toujours y adh\u00e9rer. En cas contraire, ils doivent renoncer avec effet imm\u00e9diat \u00e0 leurs avantages de Membre. La derni\u00e8re modification des CGU est dat\u00e9e ce qui permet de suivre les changements. Le for juridique est \u00e0 Mont-sur-Rolle en Suisse.<\/p>\n<p>Derni\u00e8re mise \u00e0 jour, des conditions g\u00e9n\u00e9rales : le 16 mai 2020<\/p>\n<h4 class=\"text-bleu\" style=\"color: blue;\">Le fondateur se ce site, Michel Fontana, conseil d&rsquo;entreprises-formateur de vente depuis 1985 est le garant de la s\u00e9riosit\u00e9 de ce site.<\/h4>\n","protected":false},"excerpt":{"rendered":"<p>Description de FIRM4SALE FIRM4SALE est une plateforme qui a pour but d\u2019augmenter la transparence et la liquidit\u00e9 du march\u00e9 des cessions et acquisitions d\u2019entreprises. FIRM4SALE se limite \u00e0 faciliter au plus grand nombre des contact sous pseudonyme entre personnes qui cherchent, soit un acqu\u00e9reur pour leur entreprise, soit une entreprise \u00e0 acheter. FIRM4SALE n&rsquo;accepte pas [&hellip;]<\/p>\n","protected":false},"author":1,"featured_media":513,"parent":0,"menu_order":0,"comment_status":"closed","ping_status":"closed","template":"","meta":{"_et_pb_use_builder":"","_et_pb_old_content":"","_et_gb_content_width":"","footnotes":""},"class_list":["post-1320","page","type-page","status-publish","has-post-thumbnail","hentry"],"yoast_head":"<!-- This site is optimized with the Yoast SEO plugin v27.4 - https:\/\/yoast.com\/product\/yoast-seo-wordpress\/ -->\n<title>Conditions g\u00e9n\u00e9rales d\u2019utilisation et charte - FIRM4SALE<\/title>\n<meta name=\"robots\" content=\"index, follow, max-snippet:-1, max-image-preview:large, max-video-preview:-1\" \/>\n<link rel=\"canonical\" href=\"https:\/\/dev.firm4sale.ch\/fr\/conditions-generales\/\" \/>\n<meta property=\"og:locale\" content=\"fr_FR\" \/>\n<meta property=\"og:type\" content=\"article\" \/>\n<meta property=\"og:title\" content=\"Conditions g\u00e9n\u00e9rales d\u2019utilisation et charte - FIRM4SALE\" \/>\n<meta property=\"og:description\" content=\"Description de FIRM4SALE FIRM4SALE est une plateforme qui a pour but d\u2019augmenter la transparence et la liquidit\u00e9 du march\u00e9 des cessions et acquisitions d\u2019entreprises. FIRM4SALE se limite \u00e0 faciliter au plus grand nombre des contact sous pseudonyme entre personnes qui cherchent, soit un acqu\u00e9reur pour leur entreprise, soit une entreprise \u00e0 acheter. FIRM4SALE n&rsquo;accepte pas [&hellip;]\" \/>\n<meta property=\"og:url\" content=\"https:\/\/dev.firm4sale.ch\/fr\/conditions-generales\/\" \/>\n<meta property=\"og:site_name\" content=\"FIRM4SALE\" \/>\n<meta property=\"article:publisher\" content=\"https:\/\/www.facebook.com\/Firm4Sale\/\" \/>\n<meta property=\"article:modified_time\" content=\"2025-07-10T13:51:47+00:00\" \/>\n<meta property=\"og:image\" content=\"https:\/\/firm4sale.ch\/wp-content\/uploads\/2017\/01\/cv.jpg\" \/>\n\t<meta property=\"og:image:width\" content=\"1920\" \/>\n\t<meta property=\"og:image:height\" content=\"1280\" \/>\n\t<meta property=\"og:image:type\" content=\"image\/jpeg\" \/>\n<meta name=\"twitter:card\" content=\"summary_large_image\" \/>\n<meta name=\"twitter:label1\" content=\"Dur\u00e9e de lecture estim\u00e9e\" \/>\n\t<meta name=\"twitter:data1\" content=\"7 minutes\" \/>\n<script type=\"application\/ld+json\" class=\"yoast-schema-graph\">{\"@context\":\"https:\\\/\\\/schema.org\",\"@graph\":[{\"@type\":\"WebPage\",\"@id\":\"https:\\\/\\\/dev.firm4sale.ch\\\/fr\\\/conditions-generales\\\/\",\"url\":\"https:\\\/\\\/dev.firm4sale.ch\\\/fr\\\/conditions-generales\\\/\",\"name\":\"Conditions g\u00e9n\u00e9rales d\u2019utilisation et charte - FIRM4SALE\",\"isPartOf\":{\"@id\":\"https:\\\/\\\/firm4sale.ch\\\/#website\"},\"primaryImageOfPage\":{\"@id\":\"https:\\\/\\\/dev.firm4sale.ch\\\/fr\\\/conditions-generales\\\/#primaryimage\"},\"image\":{\"@id\":\"https:\\\/\\\/dev.firm4sale.ch\\\/fr\\\/conditions-generales\\\/#primaryimage\"},\"thumbnailUrl\":\"https:\\\/\\\/dev.firm4sale.ch\\\/wp-content\\\/uploads\\\/2017\\\/01\\\/cv.jpg\",\"datePublished\":\"2017-05-24T13:30:39+00:00\",\"dateModified\":\"2025-07-10T13:51:47+00:00\",\"breadcrumb\":{\"@id\":\"https:\\\/\\\/dev.firm4sale.ch\\\/fr\\\/conditions-generales\\\/#breadcrumb\"},\"inLanguage\":\"fr-FR\",\"potentialAction\":[{\"@type\":\"ReadAction\",\"target\":[\"https:\\\/\\\/dev.firm4sale.ch\\\/fr\\\/conditions-generales\\\/\"]}]},{\"@type\":\"ImageObject\",\"inLanguage\":\"fr-FR\",\"@id\":\"https:\\\/\\\/dev.firm4sale.ch\\\/fr\\\/conditions-generales\\\/#primaryimage\",\"url\":\"https:\\\/\\\/dev.firm4sale.ch\\\/wp-content\\\/uploads\\\/2017\\\/01\\\/cv.jpg\",\"contentUrl\":\"https:\\\/\\\/dev.firm4sale.ch\\\/wp-content\\\/uploads\\\/2017\\\/01\\\/cv.jpg\",\"width\":1920,\"height\":1280},{\"@type\":\"BreadcrumbList\",\"@id\":\"https:\\\/\\\/dev.firm4sale.ch\\\/fr\\\/conditions-generales\\\/#breadcrumb\",\"itemListElement\":[{\"@type\":\"ListItem\",\"position\":1,\"name\":\"Accueil\",\"item\":\"https:\\\/\\\/firm4sale.ch\\\/fr\\\/\"},{\"@type\":\"ListItem\",\"position\":2,\"name\":\"Conditions g\u00e9n\u00e9rales d\u2019utilisation et charte\"}]},{\"@type\":\"WebSite\",\"@id\":\"https:\\\/\\\/firm4sale.ch\\\/#website\",\"url\":\"https:\\\/\\\/firm4sale.ch\\\/\",\"name\":\"FIRM4SALE\",\"description\":\"\u200bL&#039;unique site de rencontres qui met directement en relation vendeurs et acheteurs d&#039;entreprises.\",\"publisher\":{\"@id\":\"https:\\\/\\\/firm4sale.ch\\\/#organization\"},\"potentialAction\":[{\"@type\":\"SearchAction\",\"target\":{\"@type\":\"EntryPoint\",\"urlTemplate\":\"https:\\\/\\\/firm4sale.ch\\\/?s={search_term_string}\"},\"query-input\":{\"@type\":\"PropertyValueSpecification\",\"valueRequired\":true,\"valueName\":\"search_term_string\"}}],\"inLanguage\":\"fr-FR\"},{\"@type\":\"Organization\",\"@id\":\"https:\\\/\\\/firm4sale.ch\\\/#organization\",\"name\":\"FIRM4SALE\",\"url\":\"https:\\\/\\\/firm4sale.ch\\\/\",\"logo\":{\"@type\":\"ImageObject\",\"inLanguage\":\"fr-FR\",\"@id\":\"https:\\\/\\\/firm4sale.ch\\\/#\\\/schema\\\/logo\\\/image\\\/\",\"url\":\"\",\"contentUrl\":\"\",\"caption\":\"FIRM4SALE\"},\"image\":{\"@id\":\"https:\\\/\\\/firm4sale.ch\\\/#\\\/schema\\\/logo\\\/image\\\/\"},\"sameAs\":[\"https:\\\/\\\/www.facebook.com\\\/Firm4Sale\\\/\"]}]}<\/script>\n<!-- \/ Yoast SEO plugin. -->","yoast_head_json":{"title":"Conditions g\u00e9n\u00e9rales d\u2019utilisation et charte - FIRM4SALE","robots":{"index":"index","follow":"follow","max-snippet":"max-snippet:-1","max-image-preview":"max-image-preview:large","max-video-preview":"max-video-preview:-1"},"canonical":"https:\/\/dev.firm4sale.ch\/fr\/conditions-generales\/","og_locale":"fr_FR","og_type":"article","og_title":"Conditions g\u00e9n\u00e9rales d\u2019utilisation et charte - FIRM4SALE","og_description":"Description de FIRM4SALE FIRM4SALE est une plateforme qui a pour but d\u2019augmenter la transparence et la liquidit\u00e9 du march\u00e9 des cessions et acquisitions d\u2019entreprises. FIRM4SALE se limite \u00e0 faciliter au plus grand nombre des contact sous pseudonyme entre personnes qui cherchent, soit un acqu\u00e9reur pour leur entreprise, soit une entreprise \u00e0 acheter. FIRM4SALE n&rsquo;accepte pas [&hellip;]","og_url":"https:\/\/dev.firm4sale.ch\/fr\/conditions-generales\/","og_site_name":"FIRM4SALE","article_publisher":"https:\/\/www.facebook.com\/Firm4Sale\/","article_modified_time":"2025-07-10T13:51:47+00:00","og_image":[{"width":1920,"height":1280,"url":"https:\/\/firm4sale.ch\/wp-content\/uploads\/2017\/01\/cv.jpg","type":"image\/jpeg"}],"twitter_card":"summary_large_image","twitter_misc":{"Dur\u00e9e de lecture estim\u00e9e":"7 minutes"},"schema":{"@context":"https:\/\/schema.org","@graph":[{"@type":"WebPage","@id":"https:\/\/dev.firm4sale.ch\/fr\/conditions-generales\/","url":"https:\/\/dev.firm4sale.ch\/fr\/conditions-generales\/","name":"Conditions g\u00e9n\u00e9rales d\u2019utilisation et charte - FIRM4SALE","isPartOf":{"@id":"https:\/\/firm4sale.ch\/#website"},"primaryImageOfPage":{"@id":"https:\/\/dev.firm4sale.ch\/fr\/conditions-generales\/#primaryimage"},"image":{"@id":"https:\/\/dev.firm4sale.ch\/fr\/conditions-generales\/#primaryimage"},"thumbnailUrl":"https:\/\/dev.firm4sale.ch\/wp-content\/uploads\/2017\/01\/cv.jpg","datePublished":"2017-05-24T13:30:39+00:00","dateModified":"2025-07-10T13:51:47+00:00","breadcrumb":{"@id":"https:\/\/dev.firm4sale.ch\/fr\/conditions-generales\/#breadcrumb"},"inLanguage":"fr-FR","potentialAction":[{"@type":"ReadAction","target":["https:\/\/dev.firm4sale.ch\/fr\/conditions-generales\/"]}]},{"@type":"ImageObject","inLanguage":"fr-FR","@id":"https:\/\/dev.firm4sale.ch\/fr\/conditions-generales\/#primaryimage","url":"https:\/\/dev.firm4sale.ch\/wp-content\/uploads\/2017\/01\/cv.jpg","contentUrl":"https:\/\/dev.firm4sale.ch\/wp-content\/uploads\/2017\/01\/cv.jpg","width":1920,"height":1280},{"@type":"BreadcrumbList","@id":"https:\/\/dev.firm4sale.ch\/fr\/conditions-generales\/#breadcrumb","itemListElement":[{"@type":"ListItem","position":1,"name":"Accueil","item":"https:\/\/firm4sale.ch\/fr\/"},{"@type":"ListItem","position":2,"name":"Conditions g\u00e9n\u00e9rales d\u2019utilisation et charte"}]},{"@type":"WebSite","@id":"https:\/\/firm4sale.ch\/#website","url":"https:\/\/firm4sale.ch\/","name":"FIRM4SALE","description":"\u200bL&#039;unique site de rencontres qui met directement en relation vendeurs et acheteurs d&#039;entreprises.","publisher":{"@id":"https:\/\/firm4sale.ch\/#organization"},"potentialAction":[{"@type":"SearchAction","target":{"@type":"EntryPoint","urlTemplate":"https:\/\/firm4sale.ch\/?s={search_term_string}"},"query-input":{"@type":"PropertyValueSpecification","valueRequired":true,"valueName":"search_term_string"}}],"inLanguage":"fr-FR"},{"@type":"Organization","@id":"https:\/\/firm4sale.ch\/#organization","name":"FIRM4SALE","url":"https:\/\/firm4sale.ch\/","logo":{"@type":"ImageObject","inLanguage":"fr-FR","@id":"https:\/\/firm4sale.ch\/#\/schema\/logo\/image\/","url":"","contentUrl":"","caption":"FIRM4SALE"},"image":{"@id":"https:\/\/firm4sale.ch\/#\/schema\/logo\/image\/"},"sameAs":["https:\/\/www.facebook.com\/Firm4Sale\/"]}]}},"_links":{"self":[{"href":"https:\/\/dev.firm4sale.ch\/fr\/wp-json\/wp\/v2\/pages\/1320","targetHints":{"allow":["GET"]}}],"collection":[{"href":"https:\/\/dev.firm4sale.ch\/fr\/wp-json\/wp\/v2\/pages"}],"about":[{"href":"https:\/\/dev.firm4sale.ch\/fr\/wp-json\/wp\/v2\/types\/page"}],"author":[{"embeddable":true,"href":"https:\/\/dev.firm4sale.ch\/fr\/wp-json\/wp\/v2\/users\/1"}],"replies":[{"embeddable":true,"href":"https:\/\/dev.firm4sale.ch\/fr\/wp-json\/wp\/v2\/comments?post=1320"}],"version-history":[{"count":28,"href":"https:\/\/dev.firm4sale.ch\/fr\/wp-json\/wp\/v2\/pages\/1320\/revisions"}],"predecessor-version":[{"id":116897,"href":"https:\/\/dev.firm4sale.ch\/fr\/wp-json\/wp\/v2\/pages\/1320\/revisions\/116897"}],"wp:featuredmedia":[{"embeddable":true,"href":"https:\/\/dev.firm4sale.ch\/fr\/wp-json\/wp\/v2\/media\/513"}],"wp:attachment":[{"href":"https:\/\/dev.firm4sale.ch\/fr\/wp-json\/wp\/v2\/media?parent=1320"}],"curies":[{"name":"wp","href":"https:\/\/api.w.org\/{rel}","templated":true}]}}