{"id":1322,"date":"2017-05-24T15:30:53","date_gmt":"2017-05-24T13:30:53","guid":{"rendered":"https:\/\/dev.firm4sale.ch\/?page_id=1322"},"modified":"2022-06-27T15:58:02","modified_gmt":"2022-06-27T13:58:02","slug":"portrait","status":"publish","type":"page","link":"https:\/\/dev.firm4sale.ch\/fr\/portrait\/","title":{"rendered":"Portrait"},"content":{"rendered":"\n<div class=\"wp-block-columns is-layout-flex wp-container-core-columns-is-layout-9d6595d7 wp-block-columns-is-layout-flex\">\n<div class=\"wp-block-column is-layout-flow wp-block-column-is-layout-flow\">\n<div style=\"height:15px\" aria-hidden=\"true\" class=\"wp-block-spacer\"><\/div>\n\n\n\n<h2 class=\"wp-block-heading\"><a href=\"https:\/\/www.michelfontana.ch\/?&amp;wslanguage=fr\" target=\"_blank\" rel=\"noreferrer noopener\">FIRM4SALE S\u00e0rl <\/a><\/h2>\n\n\n\n<p><a href=\"https:\/\/www.michelfontana.ch\/?&amp;wslanguage=fr\" target=\"_blank\" rel=\"noreferrer noopener\">c\/o MICHEL FONTANA SA&nbsp;<\/a><br>Chemin du Petit Pont 1 \/ Place de la Fontaine<br>CH &#8211; 1185 Mont-sur-Rolle<br>T\u00e9l\u00e9phone: +41 21 825 48 48<br>T\u00e9l\u00e9copie: +41 21 825 48 55<br>Email: <a href=\"mailto:michel-fontana@firm4sale.ch\">michel-fontana@firm4sale.ch<\/a><\/p>\n<\/div>\n\n\n\n<div class=\"wp-block-column is-layout-flow wp-block-column-is-layout-flow\">\n<figure class=\"wp-block-image size-full\"><a href=\"https:\/\/www.michelfontana.ch\/?&amp;wslanguage=fr\"><img loading=\"lazy\" decoding=\"async\" width=\"800\" height=\"450\" src=\"https:\/\/dev.firm4sale.ch\/wp-content\/uploads\/2017\/01\/institut-michel-fontana.png\" alt=\"\" class=\"wp-image-6889\" srcset=\"https:\/\/dev.firm4sale.ch\/wp-content\/uploads\/2017\/01\/institut-michel-fontana.png 800w, https:\/\/dev.firm4sale.ch\/wp-content\/uploads\/2017\/01\/institut-michel-fontana-600x338.png 600w, https:\/\/dev.firm4sale.ch\/wp-content\/uploads\/2017\/01\/institut-michel-fontana-300x169.png 300w, https:\/\/dev.firm4sale.ch\/wp-content\/uploads\/2017\/01\/institut-michel-fontana-768x432.png 768w\" sizes=\"(max-width: 800px) 100vw, 800px\" \/><\/a><\/figure>\n<\/div>\n<\/div>\n\n\n\n<p>70&rsquo;000 baby-boomers prendront leur retraite, vendront ou fermeront leur firme dans les cinq ans. La succession des patrons d&rsquo;entreprises est donc devenue une cause importante, d&rsquo;autant plus que des quantit\u00e9s de repreneurs d&rsquo;entreprises sont en recherche active d&rsquo;entreprises \u00e0 remettre. Pour stopper cette h\u00e9morragie destructrice de postes de travail et de savoir-faire provoqu\u00e9e par la disparition de nombreuses micro-entreprises, <span class=\"logo_style\">FIRM4SALE<\/span> cr\u00e9e la liquidit\u00e9 du march\u00e9 des cessions de ces micro-entreprises et des PME.<\/p>\n\n\n\n<p><span class=\"logo_style\">FIRM4SALE, <\/span>\u00a0la plus grande bourse de transmission de PME et restaurants pr\u00e9sente le profil de 2528 repreneurs et 389 vendeurs d\u2019entreprises. L&rsquo;objectif est de permettre la transparence du march\u00e9 de la cession d&rsquo;entreprises, ainsi que la possibilit\u00e9 de transmettre ou de reprendre un commerce en direct.<\/p>\n\n\n\n<p>C\u2019est une op\u00e9ration win-win: Les vendeurs doivent retrouver la valeur de leur travail en permettant \u00e0 des repreneurs potentiels de d\u00e9couvrir plus facilement la firme qui leur conviendra le mieux.<\/p>\n\n\n\n<p>Michel Fontana, consultant commercial et formateur de vente depuis 1985 dans 7 pays d\u2019Europe, \u00e9tabli \u00e0 Mont-sur-Rolle observe avec inqui\u00e9tude la disparition massive et anonyme de milliers d\u2019entreprises et d\u00e9clare:<\/p>\n\n\n\n<p>\u00ab Je suis choqu\u00e9 d\u2019observer la d\u00e9sinvolture avec laquelle le probl\u00e8me tente d\u2019\u00eatre r\u00e9solu. Il existe depuis quelques ann\u00e9es des brokers sp\u00e9cialis\u00e9s qui font un travail remarquable en s\u2019int\u00e9ressant principalement aux grosses PME. Pour ce qui est des petits artisans et micro-entrepreneurs, tout le monde s\u2019en moque ! Alors que chaque entreprise qui ferme, c\u2019est au moins un poste de travail d\u00e9truit, des achats en moins, des imp\u00f4ts collect\u00e9s en moins, une comp\u00e9tence qui dispara\u00eet et une structure \u00e9conomique qui s\u2019affaiblit. Combien de personnes voudraient devenir ind\u00e9pendantes, mais face \u00e0 la difficult\u00e9 de cr\u00e9er de toutes pi\u00e8ces une entreprise et sa client\u00e8le, ils y renoncent. Chaque jour les m\u00e9dias nous rab\u00e2chent en nous parlant de start-up. Or c\u2019est bien connu, les start-up sont de pi\u00e8tres cr\u00e9ateurs d\u2019emplois. Ce sont bien les micro-entreprises et les PME qui cr\u00e9ent et de loin le plus grand nombre d\u2019emplois!<\/p>\n\n\n\n<p>J\u2019ai donc d\u00e9cid\u00e9 en 2016 de contribuer \u00e0 sauver le plus grand nombre possible de petites structures et d\u2019emplois. <span class=\"logo_style\">FIRM4SALE<\/span> ne pr\u00e9l\u00e8ve aucun honoraire sur la transmission. <span class=\"logo_style\">FIRM4SALE<\/span> se limite \u00e0 \u00eatre un portail de rencontres entre c\u00e9dant et repreneurs d&rsquo;entreprises.<\/p>\n\n\n\n<p>Je vous souhaite de r\u00e9aliser votre r\u00eave en utilisant <span class=\"logo_style\">FIRM4SALE<\/span><\/p>\n\n\n\n<figure class=\"wp-block-image\"><a href=\"https:\/\/www.michelfontana.ch\/?&amp;wslanguage=fr\" target=\"_blank\" rel=\"noopener noreferrer\"><img loading=\"lazy\" decoding=\"async\" width=\"240\" height=\"198\" src=\"https:\/\/dev.firm4sale.ch\/wp-content\/uploads\/2017\/01\/michel-fontana.png\" alt=\"Michel Fontana\" class=\"wp-image-533\"\/><\/a><\/figure>\n\n\n\n<p><a href=\"https:\/\/www.michelfontana.ch\/?&amp;wslanguage=fr\" target=\"_blank\" rel=\"noopener noreferrer\"><strong>Michel Fontana, expert de la formation de vente et de la conclusion de vente depuis 1985<\/strong><\/a><\/p>\n","protected":false},"excerpt":{"rendered":"<p>FIRM4SALE S\u00e0rl c\/o MICHEL FONTANA SA&nbsp;Chemin du Petit Pont 1 \/ Place de la FontaineCH &#8211; 1185 Mont-sur-RolleT\u00e9l\u00e9phone: +41 21 825 48 48T\u00e9l\u00e9copie: +41 21 825 48 55Email: michel-fontana@firm4sale.ch 70&rsquo;000 baby-boomers prendront leur retraite, vendront ou fermeront leur firme dans les cinq ans. La succession des patrons d&rsquo;entreprises est donc devenue une cause importante, d&rsquo;autant [&hellip;]<\/p>\n","protected":false},"author":1,"featured_media":19748,"parent":0,"menu_order":0,"comment_status":"closed","ping_status":"closed","template":"","meta":{"_et_pb_use_builder":"","_et_pb_old_content":"","_et_gb_content_width":"","footnotes":""},"class_list":["post-1322","page","type-page","status-publish","has-post-thumbnail","hentry"],"yoast_head":"<!-- This site is optimized with the Yoast SEO plugin v27.4 - https:\/\/yoast.com\/product\/yoast-seo-wordpress\/ -->\n<title>Portrait - FIRM4SALE<\/title>\n<meta name=\"robots\" content=\"index, follow, max-snippet:-1, max-image-preview:large, max-video-preview:-1\" \/>\n<link rel=\"canonical\" href=\"https:\/\/firm4sale.ch\/portrait\/?lang=fr\" \/>\n<meta property=\"og:locale\" content=\"fr_FR\" \/>\n<meta property=\"og:type\" content=\"article\" \/>\n<meta property=\"og:title\" content=\"Portrait - FIRM4SALE\" \/>\n<meta property=\"og:description\" content=\"FIRM4SALE S\u00e0rl c\/o MICHEL FONTANA SA&nbsp;Chemin du Petit Pont 1 \/ Place de la FontaineCH &#8211; 1185 Mont-sur-RolleT\u00e9l\u00e9phone: +41 21 825 48 48T\u00e9l\u00e9copie: +41 21 825 48 55Email: michel-fontana@firm4sale.ch 70&rsquo;000 baby-boomers prendront leur retraite, vendront ou fermeront leur firme dans les cinq ans. La succession des patrons d&rsquo;entreprises est donc devenue une cause importante, d&rsquo;autant [&hellip;]\" \/>\n<meta property=\"og:url\" content=\"https:\/\/firm4sale.ch\/portrait\/?lang=fr\" \/>\n<meta property=\"og:site_name\" content=\"FIRM4SALE\" \/>\n<meta property=\"article:publisher\" content=\"https:\/\/www.facebook.com\/Firm4Sale\/\" \/>\n<meta property=\"article:modified_time\" content=\"2022-06-27T13:58:02+00:00\" \/>\n<meta property=\"og:image\" content=\"https:\/\/firm4sale.ch\/wp-content\/uploads\/2020\/10\/portrait.jpg\" \/>\n\t<meta property=\"og:image:width\" content=\"1464\" \/>\n\t<meta property=\"og:image:height\" content=\"876\" \/>\n\t<meta property=\"og:image:type\" content=\"image\/jpeg\" \/>\n<meta name=\"twitter:card\" content=\"summary_large_image\" \/>\n<meta name=\"twitter:label1\" content=\"Dur\u00e9e de lecture estim\u00e9e\" \/>\n\t<meta name=\"twitter:data1\" content=\"3 minutes\" \/>\n<script type=\"application\/ld+json\" class=\"yoast-schema-graph\">{\"@context\":\"https:\\\/\\\/schema.org\",\"@graph\":[{\"@type\":\"WebPage\",\"@id\":\"https:\\\/\\\/dev.firm4sale.ch\\\/fr\\\/portrait\\\/\",\"url\":\"https:\\\/\\\/firm4sale.ch\\\/portrait\\\/?lang=fr\",\"name\":\"Portrait - FIRM4SALE\",\"isPartOf\":{\"@id\":\"https:\\\/\\\/firm4sale.ch\\\/#website\"},\"primaryImageOfPage\":{\"@id\":\"https:\\\/\\\/firm4sale.ch\\\/portrait\\\/?lang=fr#primaryimage\"},\"image\":{\"@id\":\"https:\\\/\\\/firm4sale.ch\\\/portrait\\\/?lang=fr#primaryimage\"},\"thumbnailUrl\":\"https:\\\/\\\/dev.firm4sale.ch\\\/wp-content\\\/uploads\\\/2020\\\/10\\\/portrait.jpg\",\"datePublished\":\"2017-05-24T13:30:53+00:00\",\"dateModified\":\"2022-06-27T13:58:02+00:00\",\"breadcrumb\":{\"@id\":\"https:\\\/\\\/firm4sale.ch\\\/portrait\\\/?lang=fr#breadcrumb\"},\"inLanguage\":\"fr-FR\",\"potentialAction\":[{\"@type\":\"ReadAction\",\"target\":[\"https:\\\/\\\/firm4sale.ch\\\/portrait\\\/?lang=fr\"]}]},{\"@type\":\"ImageObject\",\"inLanguage\":\"fr-FR\",\"@id\":\"https:\\\/\\\/firm4sale.ch\\\/portrait\\\/?lang=fr#primaryimage\",\"url\":\"https:\\\/\\\/dev.firm4sale.ch\\\/wp-content\\\/uploads\\\/2020\\\/10\\\/portrait.jpg\",\"contentUrl\":\"https:\\\/\\\/dev.firm4sale.ch\\\/wp-content\\\/uploads\\\/2020\\\/10\\\/portrait.jpg\",\"width\":1464,\"height\":876},{\"@type\":\"BreadcrumbList\",\"@id\":\"https:\\\/\\\/firm4sale.ch\\\/portrait\\\/?lang=fr#breadcrumb\",\"itemListElement\":[{\"@type\":\"ListItem\",\"position\":1,\"name\":\"Accueil\",\"item\":\"https:\\\/\\\/firm4sale.ch\\\/fr\\\/\"},{\"@type\":\"ListItem\",\"position\":2,\"name\":\"Portrait\"}]},{\"@type\":\"WebSite\",\"@id\":\"https:\\\/\\\/firm4sale.ch\\\/#website\",\"url\":\"https:\\\/\\\/firm4sale.ch\\\/\",\"name\":\"FIRM4SALE\",\"description\":\"\u200bL&#039;unique site de rencontres qui met directement en relation vendeurs et acheteurs d&#039;entreprises.\",\"publisher\":{\"@id\":\"https:\\\/\\\/firm4sale.ch\\\/#organization\"},\"potentialAction\":[{\"@type\":\"SearchAction\",\"target\":{\"@type\":\"EntryPoint\",\"urlTemplate\":\"https:\\\/\\\/firm4sale.ch\\\/?s={search_term_string}\"},\"query-input\":{\"@type\":\"PropertyValueSpecification\",\"valueRequired\":true,\"valueName\":\"search_term_string\"}}],\"inLanguage\":\"fr-FR\"},{\"@type\":\"Organization\",\"@id\":\"https:\\\/\\\/firm4sale.ch\\\/#organization\",\"name\":\"FIRM4SALE\",\"url\":\"https:\\\/\\\/firm4sale.ch\\\/\",\"logo\":{\"@type\":\"ImageObject\",\"inLanguage\":\"fr-FR\",\"@id\":\"https:\\\/\\\/firm4sale.ch\\\/#\\\/schema\\\/logo\\\/image\\\/\",\"url\":\"\",\"contentUrl\":\"\",\"caption\":\"FIRM4SALE\"},\"image\":{\"@id\":\"https:\\\/\\\/firm4sale.ch\\\/#\\\/schema\\\/logo\\\/image\\\/\"},\"sameAs\":[\"https:\\\/\\\/www.facebook.com\\\/Firm4Sale\\\/\"]}]}<\/script>\n<!-- \/ Yoast SEO plugin. -->","yoast_head_json":{"title":"Portrait - FIRM4SALE","robots":{"index":"index","follow":"follow","max-snippet":"max-snippet:-1","max-image-preview":"max-image-preview:large","max-video-preview":"max-video-preview:-1"},"canonical":"https:\/\/firm4sale.ch\/portrait\/?lang=fr","og_locale":"fr_FR","og_type":"article","og_title":"Portrait - FIRM4SALE","og_description":"FIRM4SALE S\u00e0rl c\/o MICHEL FONTANA SA&nbsp;Chemin du Petit Pont 1 \/ Place de la FontaineCH &#8211; 1185 Mont-sur-RolleT\u00e9l\u00e9phone: +41 21 825 48 48T\u00e9l\u00e9copie: +41 21 825 48 55Email: michel-fontana@firm4sale.ch 70&rsquo;000 baby-boomers prendront leur retraite, vendront ou fermeront leur firme dans les cinq ans. La succession des patrons d&rsquo;entreprises est donc devenue une cause importante, d&rsquo;autant [&hellip;]","og_url":"https:\/\/firm4sale.ch\/portrait\/?lang=fr","og_site_name":"FIRM4SALE","article_publisher":"https:\/\/www.facebook.com\/Firm4Sale\/","article_modified_time":"2022-06-27T13:58:02+00:00","og_image":[{"width":1464,"height":876,"url":"https:\/\/firm4sale.ch\/wp-content\/uploads\/2020\/10\/portrait.jpg","type":"image\/jpeg"}],"twitter_card":"summary_large_image","twitter_misc":{"Dur\u00e9e de lecture estim\u00e9e":"3 minutes"},"schema":{"@context":"https:\/\/schema.org","@graph":[{"@type":"WebPage","@id":"https:\/\/dev.firm4sale.ch\/fr\/portrait\/","url":"https:\/\/firm4sale.ch\/portrait\/?lang=fr","name":"Portrait - FIRM4SALE","isPartOf":{"@id":"https:\/\/firm4sale.ch\/#website"},"primaryImageOfPage":{"@id":"https:\/\/firm4sale.ch\/portrait\/?lang=fr#primaryimage"},"image":{"@id":"https:\/\/firm4sale.ch\/portrait\/?lang=fr#primaryimage"},"thumbnailUrl":"https:\/\/dev.firm4sale.ch\/wp-content\/uploads\/2020\/10\/portrait.jpg","datePublished":"2017-05-24T13:30:53+00:00","dateModified":"2022-06-27T13:58:02+00:00","breadcrumb":{"@id":"https:\/\/firm4sale.ch\/portrait\/?lang=fr#breadcrumb"},"inLanguage":"fr-FR","potentialAction":[{"@type":"ReadAction","target":["https:\/\/firm4sale.ch\/portrait\/?lang=fr"]}]},{"@type":"ImageObject","inLanguage":"fr-FR","@id":"https:\/\/firm4sale.ch\/portrait\/?lang=fr#primaryimage","url":"https:\/\/dev.firm4sale.ch\/wp-content\/uploads\/2020\/10\/portrait.jpg","contentUrl":"https:\/\/dev.firm4sale.ch\/wp-content\/uploads\/2020\/10\/portrait.jpg","width":1464,"height":876},{"@type":"BreadcrumbList","@id":"https:\/\/firm4sale.ch\/portrait\/?lang=fr#breadcrumb","itemListElement":[{"@type":"ListItem","position":1,"name":"Accueil","item":"https:\/\/firm4sale.ch\/fr\/"},{"@type":"ListItem","position":2,"name":"Portrait"}]},{"@type":"WebSite","@id":"https:\/\/firm4sale.ch\/#website","url":"https:\/\/firm4sale.ch\/","name":"FIRM4SALE","description":"\u200bL&#039;unique site de rencontres qui met directement en relation vendeurs et acheteurs d&#039;entreprises.","publisher":{"@id":"https:\/\/firm4sale.ch\/#organization"},"potentialAction":[{"@type":"SearchAction","target":{"@type":"EntryPoint","urlTemplate":"https:\/\/firm4sale.ch\/?s={search_term_string}"},"query-input":{"@type":"PropertyValueSpecification","valueRequired":true,"valueName":"search_term_string"}}],"inLanguage":"fr-FR"},{"@type":"Organization","@id":"https:\/\/firm4sale.ch\/#organization","name":"FIRM4SALE","url":"https:\/\/firm4sale.ch\/","logo":{"@type":"ImageObject","inLanguage":"fr-FR","@id":"https:\/\/firm4sale.ch\/#\/schema\/logo\/image\/","url":"","contentUrl":"","caption":"FIRM4SALE"},"image":{"@id":"https:\/\/firm4sale.ch\/#\/schema\/logo\/image\/"},"sameAs":["https:\/\/www.facebook.com\/Firm4Sale\/"]}]}},"_links":{"self":[{"href":"https:\/\/dev.firm4sale.ch\/fr\/wp-json\/wp\/v2\/pages\/1322","targetHints":{"allow":["GET"]}}],"collection":[{"href":"https:\/\/dev.firm4sale.ch\/fr\/wp-json\/wp\/v2\/pages"}],"about":[{"href":"https:\/\/dev.firm4sale.ch\/fr\/wp-json\/wp\/v2\/types\/page"}],"author":[{"embeddable":true,"href":"https:\/\/dev.firm4sale.ch\/fr\/wp-json\/wp\/v2\/users\/1"}],"replies":[{"embeddable":true,"href":"https:\/\/dev.firm4sale.ch\/fr\/wp-json\/wp\/v2\/comments?post=1322"}],"version-history":[{"count":25,"href":"https:\/\/dev.firm4sale.ch\/fr\/wp-json\/wp\/v2\/pages\/1322\/revisions"}],"predecessor-version":[{"id":34546,"href":"https:\/\/dev.firm4sale.ch\/fr\/wp-json\/wp\/v2\/pages\/1322\/revisions\/34546"}],"wp:featuredmedia":[{"embeddable":true,"href":"https:\/\/dev.firm4sale.ch\/fr\/wp-json\/wp\/v2\/media\/19748"}],"wp:attachment":[{"href":"https:\/\/dev.firm4sale.ch\/fr\/wp-json\/wp\/v2\/media?parent=1322"}],"curies":[{"name":"wp","href":"https:\/\/api.w.org\/{rel}","templated":true}]}}