{"id":1325,"date":"2017-05-24T15:31:14","date_gmt":"2017-05-24T13:31:14","guid":{"rendered":"https:\/\/dev.firm4sale.ch\/?page_id=1325"},"modified":"2022-07-15T10:31:55","modified_gmt":"2022-07-15T08:31:55","slug":"comment-ca-marche","status":"publish","type":"page","link":"https:\/\/dev.firm4sale.ch\/fr\/comment-ca-marche\/","title":{"rendered":"Comment \u00e7a marche ?"},"content":{"rendered":"\n<blockquote class=\"wp-block-quote is-layout-flow wp-block-quote-is-layout-flow\"><p><span class=\"logo_style\">FIRM<strong class=\"text-red\"><mark style=\"background-color:rgba(0, 0, 0, 0)\" class=\"has-inline-color has-red-1-color\">4<\/mark><\/strong>SALE<\/span> vous permet autant comme acheteur que comme vendeur d&rsquo;entreprise(s) de se trouver par l&rsquo;interm\u00e9diaire d&rsquo;annonces, puis de communiquer par messagerie priv\u00e9e en pr\u00e9servant totalement votre anonymat. Votre annonce obligatoire (vendeur comme acheteur) ne doit rien r\u00e9v\u00e8ler qui puisse permettre de vous identifier.<\/p><\/blockquote>\n\n\n\n<div class=\"wp-block-columns is-layout-flex wp-container-core-columns-is-layout-9d6595d7 wp-block-columns-is-layout-flex\">\n<div class=\"wp-block-column is-layout-flow wp-block-column-is-layout-flow\">\n<figure class=\"wp-block-image size-large\"><a href=\"https:\/\/www.youtube.com\/watch?v=S43v7B2lEe8\"><img loading=\"lazy\" decoding=\"async\" width=\"1024\" height=\"486\" src=\"https:\/\/dev.firm4sale.ch\/wp-content\/uploads\/2022\/06\/f4s-video-1-1024x486.jpg\" alt=\"\" class=\"wp-image-32345\" srcset=\"https:\/\/dev.firm4sale.ch\/wp-content\/uploads\/2022\/06\/f4s-video-1-980x466.jpg 980w, https:\/\/dev.firm4sale.ch\/wp-content\/uploads\/2022\/06\/f4s-video-1-480x228.jpg 480w\" sizes=\"(min-width: 0px) and (max-width: 480px) 480px, (min-width: 481px) and (max-width: 980px) 980px, (min-width: 981px) 1024px, 100vw\" \/><\/a><\/figure>\n<\/div>\n\n\n\n<div class=\"wp-block-column is-layout-flow wp-block-column-is-layout-flow\">\n<figure class=\"wp-block-image size-large\"><a href=\"https:\/\/www.youtube.com\/watch?v=f0wQtK-B2L8\"><img loading=\"lazy\" decoding=\"async\" width=\"1024\" height=\"486\" src=\"https:\/\/dev.firm4sale.ch\/wp-content\/uploads\/2022\/06\/f4s-video-2-fr-1024x486.jpg\" alt=\"\" class=\"wp-image-32401\" srcset=\"https:\/\/dev.firm4sale.ch\/wp-content\/uploads\/2022\/06\/f4s-video-2-fr-980x466.jpg 980w, https:\/\/dev.firm4sale.ch\/wp-content\/uploads\/2022\/06\/f4s-video-2-fr-480x228.jpg 480w\" sizes=\"(min-width: 0px) and (max-width: 480px) 480px, (min-width: 481px) and (max-width: 980px) 980px, (min-width: 981px) 1024px, 100vw\" \/><\/a><\/figure>\n<\/div>\n<\/div>\n\n\n\n<p>Pour profiter de toutes les fonctionnalit\u00e9s de FIRM4SALE, vous devez <a href=\"https:\/\/dev.firm4sale.ch\/fr\/inscription\/\">vous enregistrer<\/a> et <a href=\"https:\/\/dev.firm4sale.ch\/fr\/connexion\/\">vous connecter<\/a> \u00e0 votre compte<\/p>\n\n\n\n<div class=\"wp-block-group has-black-1-color has-blue-4-background-color has-text-color has-background is-layout-flow wp-block-group-is-layout-flow\">\n<h4 class=\"wp-block-heading\"><strong>Si vous voulez vendre une entreprise :<\/strong><\/h4>\n\n\n\n<div style=\"height:25px\" aria-hidden=\"true\" class=\"wp-block-spacer\"><\/div>\n\n\n\n<p>Pour publier une annonce de vente ou contacter des acheteurs potentiels, vous devez \u00eatre abonn\u00e9. L\u2019abonnement FIRM4SALE co\u00fbte Fr. 58.\u2013 par mois, il se renouvelle tacitement pour la m\u00eame dur\u00e9e et aux m\u00eames conditions et peut \u00e0 tout moment \u00eatre r\u00e9sili\u00e9 sans frais ni indication de motif. La r\u00e9siliation prend effet \u00e0 la date d\u2019\u00e9ch\u00e9ance de l\u2019abonnement pour autant que la notification nous soit parvenue au plus tard 48 h avant celle-ci.<\/p>\n\n\n\n<p><a href=\"https:\/\/dev.firm4sale.ch\/fr\/financer-l-acquisition-d-une-societe\/\">NOUVELLE OPTION FACULTATIVE: Vous pouvez maintenant d\u00e9montrer la solvabilit\u00e9 de votre entreprise gr\u00e2ce au rating que vous pourrez calculer sur le site de notre partenaire swisspeers. Cela vous permet d\u2019informer ais\u00e9ment les acheteurs potentiels de l\u2019\u00e9tat financier de votre entreprise et de faciliter le financement de la transaction.<\/a><\/p>\n\n\n\n<div class=\"wp-block-toolset-blocks-container tb-container aligncenter\" data-toolset-blocks-container=\"f5d8a150980b94a315ac04c47e1fbabc\">\n<div class=\"tb-button alignleft\" data-toolset-blocks-button=\"20aa2aec70bafad866c3596b3ef3c99f\"><a class=\"tb-button__link\" href=\"https:\/\/dev.firm4sale.ch\/fr\/parametres-du-compte\/nouvelle-annonce-de-vente\/\"><i class=\"tb-button__icon\"><\/i><span class=\"tb-button__content\">Nouvelle annonce de vente<\/span><\/a><\/div>\n\n\n\n<div class=\"tb-button alignleft\" data-toolset-blocks-button=\"6a16ff367fff443a8807e90405a58e96\"><a class=\"tb-button__link\" href=\"https:\/\/dev.firm4sale.ch\/fr\/produit\/abonnement-firm4sale-fr\/\"><i class=\"tb-button__icon\"><\/i><span class=\"tb-button__content\">S&rsquo;abonner<\/span><\/a><\/div>\n\n\n\n<div style=\"height:1px\" aria-hidden=\"true\" class=\"wp-block-spacer\"><\/div>\n<\/div>\n<\/div>\n\n\n\n<div style=\"height:5px\" aria-hidden=\"true\" class=\"wp-block-spacer\"><\/div>\n\n\n\n<div class=\"wp-block-group has-grey-1-background-color has-background is-layout-flow wp-block-group-is-layout-flow\">\n<h4 class=\"wp-block-heading\"><strong>Si vous \u00eates int\u00e9ress\u00e9 \u00e0 acheter une entreprise :<\/strong><\/h4>\n\n\n\n<div style=\"height:25px\" aria-hidden=\"true\" class=\"wp-block-spacer\"><\/div>\n\n\n\n<p>Pour pouvoir contacter activement des vendeurs, vous avez le choix entre souscrire un abonnement ou publier un avis de recherche GRATUIT qui indique pr\u00e9cis\u00e9ment ce qui vous int\u00e9resserait, o\u00f9 et avec quel budget maximum. Choisir de publier un avis de recherche vous permet d&rsquo;\u00eatre visible pour les vendeurs et de recevoir des propositions de leur part que vous pourrez \u00e9tudier tranquillement avant de r\u00e9pondre en vous servant de la messagerie priv\u00e9e, c&rsquo;est donc la formule la plus efficace.  <\/p>\n\n\n\n<p><a href=\"https:\/\/dev.firm4sale.ch\/fr\/financer-l-acquisition-d-une-societe\/\">NOUVEAU: Vous pouvez maintenant demander \u00e0 notre partenaire swisspeers de contribuer au financement de l\u2019achat d\u2019une entreprise. Cliquez ici.<\/a><\/p>\n\n\n\n<div class=\"wp-block-toolset-blocks-container tb-container aligncenter\" data-toolset-blocks-container=\"f5d8a150980b94a315ac04c47e1fbabc\">\n<div class=\"tb-button alignleft\" data-toolset-blocks-button=\"1b7a9ef3bfabaa689a2e728bca9a1cac\"><a class=\"tb-button__link\" href=\"\/fr\/parametres-du-compte\/nouvel-avis-de-recherche\/\"><i class=\"tb-button__icon\"><\/i><span class=\"tb-button__content\">Nouvel avis de recherche<\/span><\/a><\/div>\n\n\n\n<div class=\"tb-button alignleft\" data-toolset-blocks-button=\"4f77fcc160ad3f23cbf3a5c76489c3f0\"><a class=\"tb-button__link\" href=\"\/fr\/produit\/abonnement-firm4sale-fr\/\"><i class=\"tb-button__icon\"><\/i><span class=\"tb-button__content\">S&rsquo;abonner<\/span><\/a><\/div>\n\n\n\n<div style=\"height:1px\" aria-hidden=\"true\" class=\"wp-block-spacer\"><\/div>\n<\/div>\n<\/div>\n\n\n\n<div style=\"height:25px\" aria-hidden=\"true\" class=\"wp-block-spacer\"><\/div>\n\n\n\n<div class=\"wp-block-columns is-layout-flex wp-container-core-columns-is-layout-9d6595d7 wp-block-columns-is-layout-flex\">\n<div class=\"wp-block-column is-layout-flow wp-block-column-is-layout-flow\">\n<div class=\"wp-block-buttons is-layout-flex wp-block-buttons-is-layout-flex\">\n<div class=\"wp-block-button has-custom-width wp-block-button__width-100 pictobtn is-style-fill\"><a class=\"wp-block-button__link has-blue-2-color has-white-1-background-color has-text-color has-background\" href=\"https:\/\/dev.firm4sale.ch\/fr\/parametres-du-compte\/nouvelle-annonce-de-vente\/\" style=\"border-radius:2px\"><i class=\"fas fa-5x fa-city\"><\/i><br>Publier une annonce de vente<\/a><\/div>\n<\/div>\n<\/div>\n\n\n\n<div class=\"wp-block-column is-layout-flow wp-block-column-is-layout-flow\">\n<div class=\"wp-block-buttons is-layout-flex wp-block-buttons-is-layout-flex\">\n<div class=\"wp-block-button has-custom-width wp-block-button__width-100 pictobtn is-style-fill\"><a class=\"wp-block-button__link has-blue-2-color has-white-1-background-color has-text-color has-background\" href=\"https:\/\/dev.firm4sale.ch\/fr\/parametres-du-compte\/nouvel-avis-de-recherche\/\" style=\"border-radius:2px\"><i class=\"fas fa-5x fa-user-friends\"><\/i><br>Publier une annonce d&rsquo;achat<\/a><\/div>\n<\/div>\n<\/div>\n<\/div>\n","protected":false},"excerpt":{"rendered":"<p>FIRM4SALE vous permet autant comme acheteur que comme vendeur d&rsquo;entreprise(s) de se trouver par l&rsquo;interm\u00e9diaire d&rsquo;annonces, puis de communiquer par messagerie priv\u00e9e en pr\u00e9servant totalement votre anonymat. Votre annonce obligatoire (vendeur comme acheteur) ne doit rien r\u00e9v\u00e8ler qui puisse permettre de vous identifier. Pour profiter de toutes les fonctionnalit\u00e9s de FIRM4SALE, vous devez vous enregistrer [&hellip;]<\/p>\n","protected":false},"author":1,"featured_media":8277,"parent":0,"menu_order":0,"comment_status":"closed","ping_status":"closed","template":"","meta":{"_et_pb_use_builder":"","_et_pb_old_content":"","_et_gb_content_width":"","footnotes":""},"class_list":["post-1325","page","type-page","status-publish","has-post-thumbnail","hentry"],"yoast_head":"<!-- This site is optimized with the Yoast SEO plugin v27.4 - https:\/\/yoast.com\/product\/yoast-seo-wordpress\/ -->\n<title>Comment \u00e7a marche ? | FIRM4SALE<\/title>\n<meta name=\"description\" content=\"FIRM4SALE est le premier site de rencontres entre acheteurs et vendeurs d\u2019entreprises. Les membres ont acc\u00e8s \u00e0 un syst\u00e8me de messagerie en ligne.\" \/>\n<meta name=\"robots\" content=\"index, follow, max-snippet:-1, max-image-preview:large, max-video-preview:-1\" \/>\n<link rel=\"canonical\" href=\"https:\/\/firm4sale.ch\/comment-ca-marche\/?lang=fr\" \/>\n<meta property=\"og:locale\" content=\"fr_FR\" \/>\n<meta property=\"og:type\" content=\"article\" \/>\n<meta property=\"og:title\" content=\"Comment \u00e7a marche ? | FIRM4SALE\" \/>\n<meta property=\"og:description\" content=\"FIRM4SALE est le premier site de rencontres entre acheteurs et vendeurs d\u2019entreprises. Les membres ont acc\u00e8s \u00e0 un syst\u00e8me de messagerie en ligne.\" \/>\n<meta property=\"og:url\" content=\"https:\/\/firm4sale.ch\/comment-ca-marche\/?lang=fr\" \/>\n<meta property=\"og:site_name\" content=\"FIRM4SALE\" \/>\n<meta property=\"article:publisher\" content=\"https:\/\/www.facebook.com\/Firm4Sale\/\" \/>\n<meta property=\"article:modified_time\" content=\"2022-07-15T08:31:55+00:00\" \/>\n<meta property=\"og:image\" content=\"https:\/\/firm4sale.ch\/wp-content\/uploads\/2018\/08\/temoignages.png\" \/>\n\t<meta property=\"og:image:width\" content=\"1904\" \/>\n\t<meta property=\"og:image:height\" content=\"479\" \/>\n\t<meta property=\"og:image:type\" content=\"image\/png\" \/>\n<meta name=\"twitter:card\" content=\"summary_large_image\" \/>\n<meta name=\"twitter:label1\" content=\"Dur\u00e9e de lecture estim\u00e9e\" \/>\n\t<meta name=\"twitter:data1\" content=\"1 minute\" \/>\n<script type=\"application\/ld+json\" class=\"yoast-schema-graph\">{\"@context\":\"https:\\\/\\\/schema.org\",\"@graph\":[{\"@type\":\"WebPage\",\"@id\":\"https:\\\/\\\/dev.firm4sale.ch\\\/fr\\\/comment-ca-marche\\\/\",\"url\":\"https:\\\/\\\/firm4sale.ch\\\/comment-ca-marche\\\/?lang=fr\",\"name\":\"Comment \u00e7a marche ? | FIRM4SALE\",\"isPartOf\":{\"@id\":\"https:\\\/\\\/firm4sale.ch\\\/#website\"},\"primaryImageOfPage\":{\"@id\":\"https:\\\/\\\/firm4sale.ch\\\/comment-ca-marche\\\/?lang=fr#primaryimage\"},\"image\":{\"@id\":\"https:\\\/\\\/firm4sale.ch\\\/comment-ca-marche\\\/?lang=fr#primaryimage\"},\"thumbnailUrl\":\"https:\\\/\\\/dev.firm4sale.ch\\\/wp-content\\\/uploads\\\/2018\\\/08\\\/temoignages.png\",\"datePublished\":\"2017-05-24T13:31:14+00:00\",\"dateModified\":\"2022-07-15T08:31:55+00:00\",\"description\":\"FIRM4SALE est le premier site de rencontres entre acheteurs et vendeurs d\u2019entreprises. Les membres ont acc\u00e8s \u00e0 un syst\u00e8me de messagerie en ligne.\",\"breadcrumb\":{\"@id\":\"https:\\\/\\\/firm4sale.ch\\\/comment-ca-marche\\\/?lang=fr#breadcrumb\"},\"inLanguage\":\"fr-FR\",\"potentialAction\":[{\"@type\":\"ReadAction\",\"target\":[\"https:\\\/\\\/firm4sale.ch\\\/comment-ca-marche\\\/?lang=fr\"]}]},{\"@type\":\"ImageObject\",\"inLanguage\":\"fr-FR\",\"@id\":\"https:\\\/\\\/firm4sale.ch\\\/comment-ca-marche\\\/?lang=fr#primaryimage\",\"url\":\"https:\\\/\\\/dev.firm4sale.ch\\\/wp-content\\\/uploads\\\/2018\\\/08\\\/temoignages.png\",\"contentUrl\":\"https:\\\/\\\/dev.firm4sale.ch\\\/wp-content\\\/uploads\\\/2018\\\/08\\\/temoignages.png\",\"width\":1904,\"height\":479},{\"@type\":\"BreadcrumbList\",\"@id\":\"https:\\\/\\\/firm4sale.ch\\\/comment-ca-marche\\\/?lang=fr#breadcrumb\",\"itemListElement\":[{\"@type\":\"ListItem\",\"position\":1,\"name\":\"Accueil\",\"item\":\"https:\\\/\\\/firm4sale.ch\\\/fr\\\/\"},{\"@type\":\"ListItem\",\"position\":2,\"name\":\"Comment \u00e7a marche ?\"}]},{\"@type\":\"WebSite\",\"@id\":\"https:\\\/\\\/firm4sale.ch\\\/#website\",\"url\":\"https:\\\/\\\/firm4sale.ch\\\/\",\"name\":\"FIRM4SALE\",\"description\":\"\u200bL&#039;unique site de rencontres qui met directement en relation vendeurs et acheteurs d&#039;entreprises.\",\"publisher\":{\"@id\":\"https:\\\/\\\/firm4sale.ch\\\/#organization\"},\"potentialAction\":[{\"@type\":\"SearchAction\",\"target\":{\"@type\":\"EntryPoint\",\"urlTemplate\":\"https:\\\/\\\/firm4sale.ch\\\/?s={search_term_string}\"},\"query-input\":{\"@type\":\"PropertyValueSpecification\",\"valueRequired\":true,\"valueName\":\"search_term_string\"}}],\"inLanguage\":\"fr-FR\"},{\"@type\":\"Organization\",\"@id\":\"https:\\\/\\\/firm4sale.ch\\\/#organization\",\"name\":\"FIRM4SALE\",\"url\":\"https:\\\/\\\/firm4sale.ch\\\/\",\"logo\":{\"@type\":\"ImageObject\",\"inLanguage\":\"fr-FR\",\"@id\":\"https:\\\/\\\/firm4sale.ch\\\/#\\\/schema\\\/logo\\\/image\\\/\",\"url\":\"\",\"contentUrl\":\"\",\"caption\":\"FIRM4SALE\"},\"image\":{\"@id\":\"https:\\\/\\\/firm4sale.ch\\\/#\\\/schema\\\/logo\\\/image\\\/\"},\"sameAs\":[\"https:\\\/\\\/www.facebook.com\\\/Firm4Sale\\\/\"]}]}<\/script>\n<!-- \/ Yoast SEO plugin. -->","yoast_head_json":{"title":"Comment \u00e7a marche ? | FIRM4SALE","description":"FIRM4SALE est le premier site de rencontres entre acheteurs et vendeurs d\u2019entreprises. Les membres ont acc\u00e8s \u00e0 un syst\u00e8me de messagerie en ligne.","robots":{"index":"index","follow":"follow","max-snippet":"max-snippet:-1","max-image-preview":"max-image-preview:large","max-video-preview":"max-video-preview:-1"},"canonical":"https:\/\/firm4sale.ch\/comment-ca-marche\/?lang=fr","og_locale":"fr_FR","og_type":"article","og_title":"Comment \u00e7a marche ? | FIRM4SALE","og_description":"FIRM4SALE est le premier site de rencontres entre acheteurs et vendeurs d\u2019entreprises. Les membres ont acc\u00e8s \u00e0 un syst\u00e8me de messagerie en ligne.","og_url":"https:\/\/firm4sale.ch\/comment-ca-marche\/?lang=fr","og_site_name":"FIRM4SALE","article_publisher":"https:\/\/www.facebook.com\/Firm4Sale\/","article_modified_time":"2022-07-15T08:31:55+00:00","og_image":[{"width":1904,"height":479,"url":"https:\/\/firm4sale.ch\/wp-content\/uploads\/2018\/08\/temoignages.png","type":"image\/png"}],"twitter_card":"summary_large_image","twitter_misc":{"Dur\u00e9e de lecture estim\u00e9e":"1 minute"},"schema":{"@context":"https:\/\/schema.org","@graph":[{"@type":"WebPage","@id":"https:\/\/dev.firm4sale.ch\/fr\/comment-ca-marche\/","url":"https:\/\/firm4sale.ch\/comment-ca-marche\/?lang=fr","name":"Comment \u00e7a marche ? | FIRM4SALE","isPartOf":{"@id":"https:\/\/firm4sale.ch\/#website"},"primaryImageOfPage":{"@id":"https:\/\/firm4sale.ch\/comment-ca-marche\/?lang=fr#primaryimage"},"image":{"@id":"https:\/\/firm4sale.ch\/comment-ca-marche\/?lang=fr#primaryimage"},"thumbnailUrl":"https:\/\/dev.firm4sale.ch\/wp-content\/uploads\/2018\/08\/temoignages.png","datePublished":"2017-05-24T13:31:14+00:00","dateModified":"2022-07-15T08:31:55+00:00","description":"FIRM4SALE est le premier site de rencontres entre acheteurs et vendeurs d\u2019entreprises. Les membres ont acc\u00e8s \u00e0 un syst\u00e8me de messagerie en ligne.","breadcrumb":{"@id":"https:\/\/firm4sale.ch\/comment-ca-marche\/?lang=fr#breadcrumb"},"inLanguage":"fr-FR","potentialAction":[{"@type":"ReadAction","target":["https:\/\/firm4sale.ch\/comment-ca-marche\/?lang=fr"]}]},{"@type":"ImageObject","inLanguage":"fr-FR","@id":"https:\/\/firm4sale.ch\/comment-ca-marche\/?lang=fr#primaryimage","url":"https:\/\/dev.firm4sale.ch\/wp-content\/uploads\/2018\/08\/temoignages.png","contentUrl":"https:\/\/dev.firm4sale.ch\/wp-content\/uploads\/2018\/08\/temoignages.png","width":1904,"height":479},{"@type":"BreadcrumbList","@id":"https:\/\/firm4sale.ch\/comment-ca-marche\/?lang=fr#breadcrumb","itemListElement":[{"@type":"ListItem","position":1,"name":"Accueil","item":"https:\/\/firm4sale.ch\/fr\/"},{"@type":"ListItem","position":2,"name":"Comment \u00e7a marche ?"}]},{"@type":"WebSite","@id":"https:\/\/firm4sale.ch\/#website","url":"https:\/\/firm4sale.ch\/","name":"FIRM4SALE","description":"\u200bL&#039;unique site de rencontres qui met directement en relation vendeurs et acheteurs d&#039;entreprises.","publisher":{"@id":"https:\/\/firm4sale.ch\/#organization"},"potentialAction":[{"@type":"SearchAction","target":{"@type":"EntryPoint","urlTemplate":"https:\/\/firm4sale.ch\/?s={search_term_string}"},"query-input":{"@type":"PropertyValueSpecification","valueRequired":true,"valueName":"search_term_string"}}],"inLanguage":"fr-FR"},{"@type":"Organization","@id":"https:\/\/firm4sale.ch\/#organization","name":"FIRM4SALE","url":"https:\/\/firm4sale.ch\/","logo":{"@type":"ImageObject","inLanguage":"fr-FR","@id":"https:\/\/firm4sale.ch\/#\/schema\/logo\/image\/","url":"","contentUrl":"","caption":"FIRM4SALE"},"image":{"@id":"https:\/\/firm4sale.ch\/#\/schema\/logo\/image\/"},"sameAs":["https:\/\/www.facebook.com\/Firm4Sale\/"]}]}},"_links":{"self":[{"href":"https:\/\/dev.firm4sale.ch\/fr\/wp-json\/wp\/v2\/pages\/1325","targetHints":{"allow":["GET"]}}],"collection":[{"href":"https:\/\/dev.firm4sale.ch\/fr\/wp-json\/wp\/v2\/pages"}],"about":[{"href":"https:\/\/dev.firm4sale.ch\/fr\/wp-json\/wp\/v2\/types\/page"}],"author":[{"embeddable":true,"href":"https:\/\/dev.firm4sale.ch\/fr\/wp-json\/wp\/v2\/users\/1"}],"replies":[{"embeddable":true,"href":"https:\/\/dev.firm4sale.ch\/fr\/wp-json\/wp\/v2\/comments?post=1325"}],"version-history":[{"count":46,"href":"https:\/\/dev.firm4sale.ch\/fr\/wp-json\/wp\/v2\/pages\/1325\/revisions"}],"predecessor-version":[{"id":35357,"href":"https:\/\/dev.firm4sale.ch\/fr\/wp-json\/wp\/v2\/pages\/1325\/revisions\/35357"}],"wp:featuredmedia":[{"embeddable":true,"href":"https:\/\/dev.firm4sale.ch\/fr\/wp-json\/wp\/v2\/media\/8277"}],"wp:attachment":[{"href":"https:\/\/dev.firm4sale.ch\/fr\/wp-json\/wp\/v2\/media?parent=1325"}],"curies":[{"name":"wp","href":"https:\/\/api.w.org\/{rel}","templated":true}]}}