{"id":6337,"date":"2018-05-23T07:18:20","date_gmt":"2018-05-23T05:18:20","guid":{"rendered":"https:\/\/dev.firm4sale.ch\/?page_id=6337"},"modified":"2022-06-09T22:50:49","modified_gmt":"2022-06-09T20:50:49","slug":"informations-cession-reprise","status":"publish","type":"page","link":"https:\/\/dev.firm4sale.ch\/fr\/informations-cession-reprise\/","title":{"rendered":"Tout ce que vous devez savoir et qui peut vous aider dans la cession-reprise d&rsquo;une entreprise"},"content":{"rendered":"<h1>Une mine d&rsquo;informations et des partenaires pour c\u00e9der et reprendre une entreprise<\/h1>\n<p>Si vous souhaitez c\u00e9der votre entreprise, de nombreux aspects &#8211; financiers, juridiques mais aussi \u00e9motionnels &#8211; sont \u00e0 prendre en compte pour assurer une transmission dans de bonnes conditions. De nombreuses questions se posent : quelles sont vos attentes, quand d\u00e9marrer, quelles sont les d\u00e9marches \u00e0 entreprendre, quelle est la valeur r\u00e9elle de votre soci\u00e9t\u00e9, comment rechercher un successeur, quelle est la meilleure fa\u00e7on de n\u00e9gocier ? Qu\u2019allez-vous faire une fois que vous aurez c\u00e9der votre entreprise ?<\/p>\n<p>Si, au contraire, vous souhaitez reprendre une soci\u00e9t\u00e9, c\u2019est l\u2019analyse de votre situation personnelle, autant au niveau \u00e9conomique et financier que du point de vue humain qui prime. Quelles sont vos envies, vos motivations, vos comp\u00e9tences en mati\u00e8re de direction ? La recherche de la bonne entreprise vient seulement par la suite : quel domaine d\u2019activit\u00e9, quelle r\u00e9gion, quelle taille ? Puis interviennent les questions financi\u00e8res, telles que le business plan ou encore le financement.<\/p>\n<p>Que vous souhaitiez c\u00e9der votre entreprise ou reprendre une soci\u00e9t\u00e9, ces questions ne doivent pas \u00eatre n\u00e9glig\u00e9es.<\/p>\n<h1>Voici comment calculer la valeur d&rsquo;une entreprise<\/h1>\n<p>Beaucoup d&rsquo;experts travaillent avec la m\u00e9thode EBIT (Excedent Before Interest and Taxes). Elle se fonde sur le rendement net avant int\u00e9r\u00eats et imp\u00f4ts. A l&rsquo;achat d&rsquo;une entreprise, les investisseurs professionnels payent souvent 5 voire 7 fois la valeur EBIT, voire plus, pour autant que l&rsquo;entreprise g\u00e9n\u00e8re r\u00e9guli\u00e8rement un rendement sur fonds propres (RDI) de 12% au minimum et que la croissance du b\u00e9n\u00e9fice soit saine. La valeur inf\u00e9rieure est utilis\u00e9e pour des entreprises affichant jusqu&rsquo;\u00e0 CHF 10 millions de chiffre d&rsquo;affaires annuel, la valeur sup\u00e9rieure pour des entreprises d\u00e9passant les 20 millions de chiffre d&rsquo;affaires annuel. Vient s&rsquo;ajouter, le cas \u00e9ch\u00e9ant, une indemnit\u00e9 pour les avoirs non indispensables \u00e0 la bonne marche de l&rsquo;entreprise.<\/p>\n<p>La m\u00e9thode EBIT fournit une image tr\u00e8s r\u00e9aliste. Elle ne convient cependant que pour des entreprises stables, car des soci\u00e9t\u00e9s jeunes ou en forte expansion ne font en g\u00e9n\u00e9ral pas encore de b\u00e9n\u00e9fices tangibles sur lesquels baser le calcul.<\/p>\n<p>Source SECO: https:\/\/www.kmu.admin.ch\/kmu\/fr\/home\/savoir-pratique\/succession-cessation-d-activite\/transmission-entreprise\/evaluer-l_entreprise\/exploiter-la-m%C3%A9thode-ebit.html<\/p>\n","protected":false},"excerpt":{"rendered":"<p>Une mine d&rsquo;informations et des partenaires pour c\u00e9der et reprendre une entreprise Si vous souhaitez c\u00e9der votre entreprise, de nombreux aspects &#8211; financiers, juridiques mais aussi \u00e9motionnels &#8211; sont \u00e0 prendre en compte pour assurer une transmission dans de bonnes conditions. De nombreuses questions se posent : quelles sont vos attentes, quand d\u00e9marrer, quelles sont [&hellip;]<\/p>\n","protected":false},"author":222,"featured_media":1435,"parent":0,"menu_order":0,"comment_status":"closed","ping_status":"closed","template":"","meta":{"_et_pb_use_builder":"","_et_pb_old_content":"","_et_gb_content_width":"","footnotes":""},"class_list":["post-6337","page","type-page","status-publish","has-post-thumbnail","hentry"],"yoast_head":"<!-- This site is optimized with the Yoast SEO plugin v27.4 - https:\/\/yoast.com\/product\/yoast-seo-wordpress\/ -->\n<title>Tout ce que vous devez savoir et qui peut vous aider dans la cession-reprise d&#039;une entreprise - FIRM4SALE<\/title>\n<meta name=\"robots\" content=\"index, follow, max-snippet:-1, max-image-preview:large, max-video-preview:-1\" \/>\n<link rel=\"canonical\" href=\"https:\/\/dev.firm4sale.ch\/fr\/informations-cession-reprise\/\" \/>\n<meta property=\"og:locale\" content=\"fr_FR\" \/>\n<meta property=\"og:type\" content=\"article\" \/>\n<meta property=\"og:title\" content=\"Tout ce que vous devez savoir et qui peut vous aider dans la cession-reprise d&#039;une entreprise - FIRM4SALE\" \/>\n<meta property=\"og:description\" content=\"Une mine d&rsquo;informations et des partenaires pour c\u00e9der et reprendre une entreprise Si vous souhaitez c\u00e9der votre entreprise, de nombreux aspects &#8211; financiers, juridiques mais aussi \u00e9motionnels &#8211; sont \u00e0 prendre en compte pour assurer une transmission dans de bonnes conditions. De nombreuses questions se posent : quelles sont vos attentes, quand d\u00e9marrer, quelles sont [&hellip;]\" \/>\n<meta property=\"og:url\" content=\"https:\/\/dev.firm4sale.ch\/fr\/informations-cession-reprise\/\" \/>\n<meta property=\"og:site_name\" content=\"FIRM4SALE\" \/>\n<meta property=\"article:publisher\" content=\"https:\/\/www.facebook.com\/Firm4Sale\/\" \/>\n<meta property=\"article:modified_time\" content=\"2022-06-09T20:50:49+00:00\" \/>\n<meta property=\"og:image\" content=\"https:\/\/firm4sale.ch\/wp-content\/uploads\/2017\/01\/vendeur_bg.jpg\" \/>\n\t<meta property=\"og:image:width\" content=\"1900\" \/>\n\t<meta property=\"og:image:height\" content=\"470\" \/>\n\t<meta property=\"og:image:type\" content=\"image\/jpeg\" \/>\n<meta name=\"twitter:card\" content=\"summary_large_image\" \/>\n<meta name=\"twitter:label1\" content=\"Dur\u00e9e de lecture estim\u00e9e\" \/>\n\t<meta name=\"twitter:data1\" content=\"2 minutes\" \/>\n<script type=\"application\/ld+json\" class=\"yoast-schema-graph\">{\"@context\":\"https:\\\/\\\/schema.org\",\"@graph\":[{\"@type\":\"WebPage\",\"@id\":\"https:\\\/\\\/dev.firm4sale.ch\\\/fr\\\/informations-cession-reprise\\\/\",\"url\":\"https:\\\/\\\/dev.firm4sale.ch\\\/fr\\\/informations-cession-reprise\\\/\",\"name\":\"Tout ce que vous devez savoir et qui peut vous aider dans la cession-reprise d'une entreprise - FIRM4SALE\",\"isPartOf\":{\"@id\":\"https:\\\/\\\/firm4sale.ch\\\/#website\"},\"primaryImageOfPage\":{\"@id\":\"https:\\\/\\\/dev.firm4sale.ch\\\/fr\\\/informations-cession-reprise\\\/#primaryimage\"},\"image\":{\"@id\":\"https:\\\/\\\/dev.firm4sale.ch\\\/fr\\\/informations-cession-reprise\\\/#primaryimage\"},\"thumbnailUrl\":\"https:\\\/\\\/dev.firm4sale.ch\\\/wp-content\\\/uploads\\\/2017\\\/01\\\/vendeur_bg.jpg\",\"datePublished\":\"2018-05-23T05:18:20+00:00\",\"dateModified\":\"2022-06-09T20:50:49+00:00\",\"breadcrumb\":{\"@id\":\"https:\\\/\\\/dev.firm4sale.ch\\\/fr\\\/informations-cession-reprise\\\/#breadcrumb\"},\"inLanguage\":\"fr-FR\",\"potentialAction\":[{\"@type\":\"ReadAction\",\"target\":[\"https:\\\/\\\/dev.firm4sale.ch\\\/fr\\\/informations-cession-reprise\\\/\"]}]},{\"@type\":\"ImageObject\",\"inLanguage\":\"fr-FR\",\"@id\":\"https:\\\/\\\/dev.firm4sale.ch\\\/fr\\\/informations-cession-reprise\\\/#primaryimage\",\"url\":\"https:\\\/\\\/dev.firm4sale.ch\\\/wp-content\\\/uploads\\\/2017\\\/01\\\/vendeur_bg.jpg\",\"contentUrl\":\"https:\\\/\\\/dev.firm4sale.ch\\\/wp-content\\\/uploads\\\/2017\\\/01\\\/vendeur_bg.jpg\",\"width\":1900,\"height\":470,\"caption\":\"Meine Firma verkaufen\"},{\"@type\":\"BreadcrumbList\",\"@id\":\"https:\\\/\\\/dev.firm4sale.ch\\\/fr\\\/informations-cession-reprise\\\/#breadcrumb\",\"itemListElement\":[{\"@type\":\"ListItem\",\"position\":1,\"name\":\"Accueil\",\"item\":\"https:\\\/\\\/firm4sale.ch\\\/fr\\\/\"},{\"@type\":\"ListItem\",\"position\":2,\"name\":\"Tout ce que vous devez savoir et qui peut vous aider dans la cession-reprise d&rsquo;une entreprise\"}]},{\"@type\":\"WebSite\",\"@id\":\"https:\\\/\\\/firm4sale.ch\\\/#website\",\"url\":\"https:\\\/\\\/firm4sale.ch\\\/\",\"name\":\"FIRM4SALE\",\"description\":\"\u200bL&#039;unique site de rencontres qui met directement en relation vendeurs et acheteurs d&#039;entreprises.\",\"publisher\":{\"@id\":\"https:\\\/\\\/firm4sale.ch\\\/#organization\"},\"potentialAction\":[{\"@type\":\"SearchAction\",\"target\":{\"@type\":\"EntryPoint\",\"urlTemplate\":\"https:\\\/\\\/firm4sale.ch\\\/?s={search_term_string}\"},\"query-input\":{\"@type\":\"PropertyValueSpecification\",\"valueRequired\":true,\"valueName\":\"search_term_string\"}}],\"inLanguage\":\"fr-FR\"},{\"@type\":\"Organization\",\"@id\":\"https:\\\/\\\/firm4sale.ch\\\/#organization\",\"name\":\"FIRM4SALE\",\"url\":\"https:\\\/\\\/firm4sale.ch\\\/\",\"logo\":{\"@type\":\"ImageObject\",\"inLanguage\":\"fr-FR\",\"@id\":\"https:\\\/\\\/firm4sale.ch\\\/#\\\/schema\\\/logo\\\/image\\\/\",\"url\":\"\",\"contentUrl\":\"\",\"caption\":\"FIRM4SALE\"},\"image\":{\"@id\":\"https:\\\/\\\/firm4sale.ch\\\/#\\\/schema\\\/logo\\\/image\\\/\"},\"sameAs\":[\"https:\\\/\\\/www.facebook.com\\\/Firm4Sale\\\/\"]}]}<\/script>\n<!-- \/ Yoast SEO plugin. -->","yoast_head_json":{"title":"Tout ce que vous devez savoir et qui peut vous aider dans la cession-reprise d'une entreprise - FIRM4SALE","robots":{"index":"index","follow":"follow","max-snippet":"max-snippet:-1","max-image-preview":"max-image-preview:large","max-video-preview":"max-video-preview:-1"},"canonical":"https:\/\/dev.firm4sale.ch\/fr\/informations-cession-reprise\/","og_locale":"fr_FR","og_type":"article","og_title":"Tout ce que vous devez savoir et qui peut vous aider dans la cession-reprise d'une entreprise - FIRM4SALE","og_description":"Une mine d&rsquo;informations et des partenaires pour c\u00e9der et reprendre une entreprise Si vous souhaitez c\u00e9der votre entreprise, de nombreux aspects &#8211; financiers, juridiques mais aussi \u00e9motionnels &#8211; sont \u00e0 prendre en compte pour assurer une transmission dans de bonnes conditions. De nombreuses questions se posent : quelles sont vos attentes, quand d\u00e9marrer, quelles sont [&hellip;]","og_url":"https:\/\/dev.firm4sale.ch\/fr\/informations-cession-reprise\/","og_site_name":"FIRM4SALE","article_publisher":"https:\/\/www.facebook.com\/Firm4Sale\/","article_modified_time":"2022-06-09T20:50:49+00:00","og_image":[{"width":1900,"height":470,"url":"https:\/\/firm4sale.ch\/wp-content\/uploads\/2017\/01\/vendeur_bg.jpg","type":"image\/jpeg"}],"twitter_card":"summary_large_image","twitter_misc":{"Dur\u00e9e de lecture estim\u00e9e":"2 minutes"},"schema":{"@context":"https:\/\/schema.org","@graph":[{"@type":"WebPage","@id":"https:\/\/dev.firm4sale.ch\/fr\/informations-cession-reprise\/","url":"https:\/\/dev.firm4sale.ch\/fr\/informations-cession-reprise\/","name":"Tout ce que vous devez savoir et qui peut vous aider dans la cession-reprise d'une entreprise - FIRM4SALE","isPartOf":{"@id":"https:\/\/firm4sale.ch\/#website"},"primaryImageOfPage":{"@id":"https:\/\/dev.firm4sale.ch\/fr\/informations-cession-reprise\/#primaryimage"},"image":{"@id":"https:\/\/dev.firm4sale.ch\/fr\/informations-cession-reprise\/#primaryimage"},"thumbnailUrl":"https:\/\/dev.firm4sale.ch\/wp-content\/uploads\/2017\/01\/vendeur_bg.jpg","datePublished":"2018-05-23T05:18:20+00:00","dateModified":"2022-06-09T20:50:49+00:00","breadcrumb":{"@id":"https:\/\/dev.firm4sale.ch\/fr\/informations-cession-reprise\/#breadcrumb"},"inLanguage":"fr-FR","potentialAction":[{"@type":"ReadAction","target":["https:\/\/dev.firm4sale.ch\/fr\/informations-cession-reprise\/"]}]},{"@type":"ImageObject","inLanguage":"fr-FR","@id":"https:\/\/dev.firm4sale.ch\/fr\/informations-cession-reprise\/#primaryimage","url":"https:\/\/dev.firm4sale.ch\/wp-content\/uploads\/2017\/01\/vendeur_bg.jpg","contentUrl":"https:\/\/dev.firm4sale.ch\/wp-content\/uploads\/2017\/01\/vendeur_bg.jpg","width":1900,"height":470,"caption":"Meine Firma verkaufen"},{"@type":"BreadcrumbList","@id":"https:\/\/dev.firm4sale.ch\/fr\/informations-cession-reprise\/#breadcrumb","itemListElement":[{"@type":"ListItem","position":1,"name":"Accueil","item":"https:\/\/firm4sale.ch\/fr\/"},{"@type":"ListItem","position":2,"name":"Tout ce que vous devez savoir et qui peut vous aider dans la cession-reprise d&rsquo;une entreprise"}]},{"@type":"WebSite","@id":"https:\/\/firm4sale.ch\/#website","url":"https:\/\/firm4sale.ch\/","name":"FIRM4SALE","description":"\u200bL&#039;unique site de rencontres qui met directement en relation vendeurs et acheteurs d&#039;entreprises.","publisher":{"@id":"https:\/\/firm4sale.ch\/#organization"},"potentialAction":[{"@type":"SearchAction","target":{"@type":"EntryPoint","urlTemplate":"https:\/\/firm4sale.ch\/?s={search_term_string}"},"query-input":{"@type":"PropertyValueSpecification","valueRequired":true,"valueName":"search_term_string"}}],"inLanguage":"fr-FR"},{"@type":"Organization","@id":"https:\/\/firm4sale.ch\/#organization","name":"FIRM4SALE","url":"https:\/\/firm4sale.ch\/","logo":{"@type":"ImageObject","inLanguage":"fr-FR","@id":"https:\/\/firm4sale.ch\/#\/schema\/logo\/image\/","url":"","contentUrl":"","caption":"FIRM4SALE"},"image":{"@id":"https:\/\/firm4sale.ch\/#\/schema\/logo\/image\/"},"sameAs":["https:\/\/www.facebook.com\/Firm4Sale\/"]}]}},"_links":{"self":[{"href":"https:\/\/dev.firm4sale.ch\/fr\/wp-json\/wp\/v2\/pages\/6337","targetHints":{"allow":["GET"]}}],"collection":[{"href":"https:\/\/dev.firm4sale.ch\/fr\/wp-json\/wp\/v2\/pages"}],"about":[{"href":"https:\/\/dev.firm4sale.ch\/fr\/wp-json\/wp\/v2\/types\/page"}],"author":[{"embeddable":true,"href":"https:\/\/dev.firm4sale.ch\/fr\/wp-json\/wp\/v2\/users\/222"}],"replies":[{"embeddable":true,"href":"https:\/\/dev.firm4sale.ch\/fr\/wp-json\/wp\/v2\/comments?post=6337"}],"version-history":[{"count":6,"href":"https:\/\/dev.firm4sale.ch\/fr\/wp-json\/wp\/v2\/pages\/6337\/revisions"}],"predecessor-version":[{"id":33479,"href":"https:\/\/dev.firm4sale.ch\/fr\/wp-json\/wp\/v2\/pages\/6337\/revisions\/33479"}],"wp:featuredmedia":[{"embeddable":true,"href":"https:\/\/dev.firm4sale.ch\/fr\/wp-json\/wp\/v2\/media\/1435"}],"wp:attachment":[{"href":"https:\/\/dev.firm4sale.ch\/fr\/wp-json\/wp\/v2\/media?parent=6337"}],"curies":[{"name":"wp","href":"https:\/\/api.w.org\/{rel}","templated":true}]}}