{"id":8297,"date":"2018-08-09T15:56:08","date_gmt":"2018-08-09T13:56:08","guid":{"rendered":"https:\/\/dev.firm4sale.ch\/?page_id=8297"},"modified":"2022-06-06T21:28:36","modified_gmt":"2022-06-06T19:28:36","slug":"temoignages","status":"publish","type":"page","link":"https:\/\/dev.firm4sale.ch\/fr\/temoignages\/","title":{"rendered":"T\u00e9moignages d&rsquo;utilisateurs"},"content":{"rendered":"\n<h1 class=\"wp-block-heading\">T\u00e9moignages d&rsquo;utilisateurs<\/h1>\n\n\n\n<p>Nous vous invitons \u00e0 nous faire part de votre t\u00e9moignage en qualit\u00e9 d&rsquo;utilisateur de FIRM4SALE. Votre exp\u00e9rience peut se r\u00e9v\u00e9ler tr\u00e8s pr\u00e9cieuse pour tous ceux qui cherchent \u00e0 remettre ou \u00e0 reprendre une entreprise.<\/p>\n\n\n\n<div style=\"height:25px\" aria-hidden=\"true\" class=\"wp-block-spacer\"><\/div>\n\n\n\n<div class=\"tb-button\" data-toolset-blocks-button=\"c983d9957e2dd994615ceb01ae644625\"><a class=\"tb-button__link\" href=\"\/fr\/soumettre-un-temoignage\/\"><i class=\"tb-button__icon\"><\/i><span class=\"tb-button__content\">Soumettre un t\u00e9moignage<\/span><\/a><\/div>\n\n\n\n<div style=\"height:25px\" aria-hidden=\"true\" class=\"wp-block-spacer\"><\/div>\n\n\n\n<div class=\"wp-block-toolset-ct\"><div class=\"wpv-view-output\" data-toolset-views-view-editor=\"ff84ef9ca7f06ddcd1f3cf314f00989c\"><div class=\"wpv-view-wrapper\"><div class=\"wpv-custom-search-loading-overlay js-wpv-custom-search-loading-overlay\" style=\"display:none;background:rgba( 255, 255, 255, 1 );\">\n\t\t\t\t\t<div class=\"spinner\">\n\t\t\t\t\t\t<div class=\"icon\" style=\"background:url(https:\/\/dev.firm4sale.ch\/wp-content\/plugins\/toolset-blocks\/embedded\/res\/img\/ajax-loader-overlay.svg)\"><\/div>\n\t\t\t\t\t<\/div>\n\t\t\t\t<\/div><div class=\"wp-block-toolset-views-view-editor\"> <div style=\"height:10px\" aria-hidden=\"true\" id=\"list-top\" class=\"wp-block-spacer\"><\/div>   <div id=\"wpv-view-layout-32014\" class=\"js-wpv-view-layout js-wpv-layout-responsive js-wpv-view-layout-32014 wpv-pagination js-wpv-layout-has-pagination\" data-viewnumber=\"32014\" data-pagination=\"{&quot;id&quot;:32014,&quot;query&quot;:&quot;normal&quot;,&quot;type&quot;:&quot;ajaxed&quot;,&quot;effect&quot;:&quot;fade&quot;,&quot;duration&quot;:&quot;100&quot;,&quot;speed&quot;:5,&quot;pause_on_hover&quot;:&quot;disabled&quot;,&quot;stop_rollover&quot;:&quot;false&quot;,&quot;cache_pages&quot;:&quot;disabled&quot;,&quot;preload_images&quot;:&quot;disabled&quot;,&quot;preload_pages&quot;:&quot;disabled&quot;,&quot;preload_reach&quot;:1,&quot;spinner&quot;:&quot;builtin&quot;,&quot;spinner_image&quot;:&quot;https:\/\/dev.firm4sale.ch\/wp-content\/plugins\/toolset-blocks\/embedded\/res\/img\/ajax-loader-overlay.svg&quot;,&quot;callback_next&quot;:&quot;&quot;,&quot;manage_history&quot;:&quot;enabled&quot;,&quot;has_controls_in_form&quot;:&quot;disabled&quot;,&quot;infinite_tolerance&quot;:&quot;0&quot;,&quot;max_pages&quot;:1,&quot;page&quot;:1,&quot;base_permalink&quot;:&quot;\/fr\/wp-json\/wp\/v2\/pages\/8297?wpv_view_count=32014&amp;wpv_paged=WPV_PAGE_NUM&quot;,&quot;loop&quot;:{&quot;type&quot;:&quot;&quot;,&quot;name&quot;:&quot;&quot;,&quot;data&quot;:[],&quot;id&quot;:0}}\" data-permalink=\"\/fr\/wp-json\/wp\/v2\/pages\/8297?wpv_view_count=32014\">\n<div class=\"js-wpv-loop-wrapper\">\n<div class=\"wp-block-toolset-views-view-template-block wpv-block-loop-item php-to-be-replaced-with-shortcode\" data-toolset-views-view-template-block=\"a38d65bf87efb60405bceb436b898ead\">\n<div class=\"wp-block-toolset-blocks-container tb-container\" data-toolset-blocks-container=\"e0d7688bda37a0bcbeb3f16c5110fb1c\">\n<h2 class=\"tb-heading\" data-toolset-blocks-heading=\"f345942d960be1260790d86e10de08e1\" data-last-update=\"1.4\"><i class=\"fas fa-quote-left\"><\/i>  \u00ab\u00a0Stufen\u00fcbernahme\u00a0\u00bb<\/h2>\n\n\n\n<div class=\"tb-field\" data-toolset-blocks-field=\"2a7673264bf939621e965eb0e5587f85\" data-last-update=\"1.4\"><p>Guten Morgen<\/p>\n<p>Kurze Replik:<\/p>\n<p>\u00dcber Ihr Portal ist es gelungen Kontakte zu generieren! Einer dieser Kontakte hat zu dem Erfolg gef\u00fchrt, dass ich mich als Inhaber zu einer \"Stufen\u00fcbernahme\" entschlossen habe!<br \/>\n2 nach meiner Meinung nach f\u00e4hige Herren haben sich entschlossen mit meiner Beihilfe das Unternehmen auf neue der heutigen Zeit entsprechende Beine zustellen! Da Banken auch heute nach wie vor solche Leute nicht unterst\u00fctzen, wird es an mir liegen ,diese Herren auch finanziell zu unterst\u00fctzen bis Sie die Substanz zur \u00dcbernahme erarbeiten konnten. Das grosse Sagen; Die Banken ein Teil unserer Wirtschaft, Ist auch heute noch nicht Realit\u00e4t geworden . Sie f\u00fcllen Ihre eigenen Taschen und leisten keine hilfreiche Unterst\u00fctzung der Jungunternehmer.<\/p>\n<p>Ich werde bei Bedarf Ihre Plattform gerne weiterempfehlen !<\/p>\n<p>Mit freundlichen Gr\u00fcssen<\/p>\n<\/div>\n\n\n\n<div class=\"tb-field\" data-toolset-blocks-field=\"7128a4937a2fd00337145ad512d2343e\" data-last-update=\"1.4\">E.Str\u00e4ssler<\/div>\n<\/div>\n<\/div>\n\n<div class=\"wp-block-toolset-views-view-template-block wpv-block-loop-item php-to-be-replaced-with-shortcode\" data-toolset-views-view-template-block=\"a38d65bf87efb60405bceb436b898ead\">\n<div class=\"wp-block-toolset-blocks-container tb-container\" data-toolset-blocks-container=\"e0d7688bda37a0bcbeb3f16c5110fb1c\">\n<h2 class=\"tb-heading\" data-toolset-blocks-heading=\"f345942d960be1260790d86e10de08e1\" data-last-update=\"1.4\"><i class=\"fas fa-quote-left\"><\/i>  Je remercie infiniment FIRM4SALE de me permettre de couler aujourd&rsquo;hui une heureuse retraite<\/h2>\n\n\n\n<div class=\"tb-field\" data-toolset-blocks-field=\"2a7673264bf939621e965eb0e5587f85\" data-last-update=\"1.4\"><p>Voici plusieurs ann\u00e9es que je cherchais \u00e0 prendre ma retraite et \u00e0 remettre mes 2 entreprises. Je crois bien que je suis le premier \u00e0 avoir r\u00e9dig\u00e9 une annonce sur FIRM4SALE. Apr\u00e8s quelques n\u00e9gociations infructueuses, j'ai trouv\u00e9 un repreneur pour mes 2 entit\u00e9s. Le conseil que je donne: il faut vraiment s'y prendre assez \u00e0 l'avance, d\u00e8s que l'on a d\u00e9cid\u00e9 de vendre. Le succ\u00e8s n\u00e9cessite beaucoup de patience. Pour moi cela a dur\u00e9 16 mois.<\/p>\n<\/div>\n\n\n\n<div class=\"tb-field\" data-toolset-blocks-field=\"7128a4937a2fd00337145ad512d2343e\" data-last-update=\"1.4\">Daniel Weder<\/div>\n<\/div>\n<\/div>\n<\/div>\n\n\n<div class=\"wpv-pagination-nav-links\" data-toolset-views-view-pagination-block=\"cdfd4c4737b2898eba4443dd59a1bf50\"><\/div>\n<\/div><\/div><form autocomplete=\"off\" name=\"wpv-filter-32014\" action=\"\/fr\/wp-json\/wp\/v2\/pages\/8297?wpv_view_count=32014\" method=\"get\" class=\"wpv-filter-form js-wpv-filter-form js-wpv-filter-form-32014 js-wpv-form-full js-wpv-ajax-results-submit-enabled\" data-viewnumber=\"32014\" data-viewid=\"32014\" data-viewhash=\"eyJuYW1lIjoibGlzdGUtdGVtb2lnbmFnZXMifQ==\" data-viewwidgetid=\"0\" data-orderby=\"\" data-order=\"\" data-orderbyas=\"\" data-orderbysecond=\"\" data-ordersecond=\"\" data-parametric=\"{&quot;query&quot;:&quot;normal&quot;,&quot;id&quot;:32014,&quot;view_id&quot;:32014,&quot;widget_id&quot;:0,&quot;view_hash&quot;:&quot;32014&quot;,&quot;action&quot;:&quot;\\\/fr\\\/wp-json\\\/wp\\\/v2\\\/pages\\\/8297?wpv_view_count=32014&quot;,&quot;sort&quot;:{&quot;orderby&quot;:&quot;&quot;,&quot;order&quot;:&quot;&quot;,&quot;orderby_as&quot;:&quot;&quot;,&quot;orderby_second&quot;:&quot;&quot;,&quot;order_second&quot;:&quot;&quot;},&quot;orderby&quot;:&quot;&quot;,&quot;order&quot;:&quot;&quot;,&quot;orderby_as&quot;:&quot;&quot;,&quot;orderby_second&quot;:&quot;&quot;,&quot;order_second&quot;:&quot;&quot;,&quot;ajax_form&quot;:&quot;&quot;,&quot;ajax_results&quot;:&quot;&quot;,&quot;effect&quot;:&quot;fade&quot;,&quot;prebefore&quot;:&quot;&quot;,&quot;before&quot;:&quot;&quot;,&quot;after&quot;:&quot;&quot;,&quot;attributes&quot;:[],&quot;environment&quot;:{&quot;current_post_id&quot;:8297,&quot;parent_post_id&quot;:8297,&quot;parent_term_id&quot;:0,&quot;parent_user_id&quot;:0,&quot;archive&quot;:{&quot;type&quot;:&quot;&quot;,&quot;name&quot;:&quot;&quot;,&quot;data&quot;:[]}},&quot;loop&quot;:{&quot;type&quot;:&quot;&quot;,&quot;name&quot;:&quot;&quot;,&quot;data&quot;:[],&quot;id&quot;:0}}\" data-attributes=\"[]\" data-environment=\"{&quot;current_post_id&quot;:8297,&quot;parent_post_id&quot;:8297,&quot;parent_term_id&quot;:0,&quot;parent_user_id&quot;:0,&quot;archive&quot;:{&quot;type&quot;:&quot;&quot;,&quot;name&quot;:&quot;&quot;,&quot;data&quot;:[]}}\"><input type=\"hidden\" class=\"js-wpv-dps-filter-data js-wpv-filter-data-for-this-form\" data-action=\"\/fr\/wp-json\/wp\/v2\/pages\/8297?wpv_view_count=32014\" data-page=\"1\" data-ajax=\"disable\" data-effect=\"fade\" data-maxpages=\"1\" data-ajaxprebefore=\"\" data-ajaxbefore=\"\" data-ajaxafter=\"\" \/><input class=\"wpv_view_count wpv_view_count-32014\" type=\"hidden\" name=\"wpv_view_count\" value=\"32014\" \/>\n\n<\/form><\/div><\/div><\/div>\n","protected":false},"excerpt":{"rendered":"<p>T\u00e9moignages d&rsquo;utilisateurs Nous vous invitons \u00e0 nous faire part de votre t\u00e9moignage en qualit\u00e9 d&rsquo;utilisateur de FIRM4SALE. Votre exp\u00e9rience peut se r\u00e9v\u00e9ler tr\u00e8s pr\u00e9cieuse pour tous ceux qui cherchent \u00e0 remettre ou \u00e0 reprendre une entreprise.<\/p>\n","protected":false},"author":222,"featured_media":8313,"parent":0,"menu_order":0,"comment_status":"closed","ping_status":"closed","template":"","meta":{"_et_pb_use_builder":"","_et_pb_old_content":"","_et_gb_content_width":"","footnotes":""},"class_list":["post-8297","page","type-page","status-publish","has-post-thumbnail","hentry"],"yoast_head":"<!-- This site is optimized with the Yoast SEO plugin v27.4 - https:\/\/yoast.com\/product\/yoast-seo-wordpress\/ -->\n<title>T\u00e9moignages d&#039;utilisateurs - FIRM4SALE<\/title>\n<meta name=\"description\" content=\"Voici des t\u00e9moignages d&#039;utilisateurs de FIRM4SALE. Leur exp\u00e9rience peut se r\u00e9v\u00e9ler fort utile \u00e0 tous ceux qui cherchent \u00e0 transmettre une entreprise.\" \/>\n<meta name=\"robots\" content=\"index, follow, max-snippet:-1, max-image-preview:large, max-video-preview:-1\" \/>\n<link rel=\"canonical\" href=\"https:\/\/dev.firm4sale.ch\/fr\/temoignages\/\" \/>\n<meta property=\"og:locale\" content=\"fr_FR\" \/>\n<meta property=\"og:type\" content=\"article\" \/>\n<meta property=\"og:title\" content=\"T\u00e9moignages d&#039;utilisateurs - FIRM4SALE\" \/>\n<meta property=\"og:description\" content=\"Voici des t\u00e9moignages d&#039;utilisateurs de FIRM4SALE. Leur exp\u00e9rience peut se r\u00e9v\u00e9ler fort utile \u00e0 tous ceux qui cherchent \u00e0 transmettre une entreprise.\" \/>\n<meta property=\"og:url\" content=\"https:\/\/dev.firm4sale.ch\/fr\/temoignages\/\" \/>\n<meta property=\"og:site_name\" content=\"FIRM4SALE\" \/>\n<meta property=\"article:publisher\" content=\"https:\/\/www.facebook.com\/Firm4Sale\/\" \/>\n<meta property=\"article:modified_time\" content=\"2022-06-06T19:28:36+00:00\" \/>\n<meta property=\"og:image\" content=\"https:\/\/firm4sale.ch\/wp-content\/uploads\/2018\/08\/firm4sale_temoignages.png\" \/>\n\t<meta property=\"og:image:width\" content=\"1904\" \/>\n\t<meta property=\"og:image:height\" content=\"479\" \/>\n\t<meta property=\"og:image:type\" content=\"image\/png\" \/>\n<meta name=\"twitter:card\" content=\"summary_large_image\" \/>\n<meta name=\"twitter:label1\" content=\"Dur\u00e9e de lecture estim\u00e9e\" \/>\n\t<meta name=\"twitter:data1\" content=\"1 minute\" \/>\n<script type=\"application\/ld+json\" class=\"yoast-schema-graph\">{\"@context\":\"https:\\\/\\\/schema.org\",\"@graph\":[{\"@type\":\"WebPage\",\"@id\":\"https:\\\/\\\/dev.firm4sale.ch\\\/fr\\\/temoignages\\\/\",\"url\":\"https:\\\/\\\/dev.firm4sale.ch\\\/fr\\\/temoignages\\\/\",\"name\":\"T\u00e9moignages d'utilisateurs - FIRM4SALE\",\"isPartOf\":{\"@id\":\"https:\\\/\\\/firm4sale.ch\\\/#website\"},\"primaryImageOfPage\":{\"@id\":\"https:\\\/\\\/dev.firm4sale.ch\\\/fr\\\/temoignages\\\/#primaryimage\"},\"image\":{\"@id\":\"https:\\\/\\\/dev.firm4sale.ch\\\/fr\\\/temoignages\\\/#primaryimage\"},\"thumbnailUrl\":\"https:\\\/\\\/dev.firm4sale.ch\\\/wp-content\\\/uploads\\\/2018\\\/08\\\/firm4sale_temoignages.png\",\"datePublished\":\"2018-08-09T13:56:08+00:00\",\"dateModified\":\"2022-06-06T19:28:36+00:00\",\"description\":\"Voici des t\u00e9moignages d'utilisateurs de FIRM4SALE. Leur exp\u00e9rience peut se r\u00e9v\u00e9ler fort utile \u00e0 tous ceux qui cherchent \u00e0 transmettre une entreprise.\",\"breadcrumb\":{\"@id\":\"https:\\\/\\\/dev.firm4sale.ch\\\/fr\\\/temoignages\\\/#breadcrumb\"},\"inLanguage\":\"fr-FR\",\"potentialAction\":[{\"@type\":\"ReadAction\",\"target\":[\"https:\\\/\\\/dev.firm4sale.ch\\\/fr\\\/temoignages\\\/\"]}]},{\"@type\":\"ImageObject\",\"inLanguage\":\"fr-FR\",\"@id\":\"https:\\\/\\\/dev.firm4sale.ch\\\/fr\\\/temoignages\\\/#primaryimage\",\"url\":\"https:\\\/\\\/dev.firm4sale.ch\\\/wp-content\\\/uploads\\\/2018\\\/08\\\/firm4sale_temoignages.png\",\"contentUrl\":\"https:\\\/\\\/dev.firm4sale.ch\\\/wp-content\\\/uploads\\\/2018\\\/08\\\/firm4sale_temoignages.png\",\"width\":1904,\"height\":479},{\"@type\":\"BreadcrumbList\",\"@id\":\"https:\\\/\\\/dev.firm4sale.ch\\\/fr\\\/temoignages\\\/#breadcrumb\",\"itemListElement\":[{\"@type\":\"ListItem\",\"position\":1,\"name\":\"Accueil\",\"item\":\"https:\\\/\\\/firm4sale.ch\\\/fr\\\/\"},{\"@type\":\"ListItem\",\"position\":2,\"name\":\"T\u00e9moignages d&rsquo;utilisateurs\"}]},{\"@type\":\"WebSite\",\"@id\":\"https:\\\/\\\/firm4sale.ch\\\/#website\",\"url\":\"https:\\\/\\\/firm4sale.ch\\\/\",\"name\":\"FIRM4SALE\",\"description\":\"\u200bL&#039;unique site de rencontres qui met directement en relation vendeurs et acheteurs d&#039;entreprises.\",\"publisher\":{\"@id\":\"https:\\\/\\\/firm4sale.ch\\\/#organization\"},\"potentialAction\":[{\"@type\":\"SearchAction\",\"target\":{\"@type\":\"EntryPoint\",\"urlTemplate\":\"https:\\\/\\\/firm4sale.ch\\\/?s={search_term_string}\"},\"query-input\":{\"@type\":\"PropertyValueSpecification\",\"valueRequired\":true,\"valueName\":\"search_term_string\"}}],\"inLanguage\":\"fr-FR\"},{\"@type\":\"Organization\",\"@id\":\"https:\\\/\\\/firm4sale.ch\\\/#organization\",\"name\":\"FIRM4SALE\",\"url\":\"https:\\\/\\\/firm4sale.ch\\\/\",\"logo\":{\"@type\":\"ImageObject\",\"inLanguage\":\"fr-FR\",\"@id\":\"https:\\\/\\\/firm4sale.ch\\\/#\\\/schema\\\/logo\\\/image\\\/\",\"url\":\"\",\"contentUrl\":\"\",\"caption\":\"FIRM4SALE\"},\"image\":{\"@id\":\"https:\\\/\\\/firm4sale.ch\\\/#\\\/schema\\\/logo\\\/image\\\/\"},\"sameAs\":[\"https:\\\/\\\/www.facebook.com\\\/Firm4Sale\\\/\"]}]}<\/script>\n<!-- \/ Yoast SEO plugin. -->","yoast_head_json":{"title":"T\u00e9moignages d'utilisateurs - FIRM4SALE","description":"Voici des t\u00e9moignages d'utilisateurs de FIRM4SALE. Leur exp\u00e9rience peut se r\u00e9v\u00e9ler fort utile \u00e0 tous ceux qui cherchent \u00e0 transmettre une entreprise.","robots":{"index":"index","follow":"follow","max-snippet":"max-snippet:-1","max-image-preview":"max-image-preview:large","max-video-preview":"max-video-preview:-1"},"canonical":"https:\/\/dev.firm4sale.ch\/fr\/temoignages\/","og_locale":"fr_FR","og_type":"article","og_title":"T\u00e9moignages d'utilisateurs - FIRM4SALE","og_description":"Voici des t\u00e9moignages d'utilisateurs de FIRM4SALE. Leur exp\u00e9rience peut se r\u00e9v\u00e9ler fort utile \u00e0 tous ceux qui cherchent \u00e0 transmettre une entreprise.","og_url":"https:\/\/dev.firm4sale.ch\/fr\/temoignages\/","og_site_name":"FIRM4SALE","article_publisher":"https:\/\/www.facebook.com\/Firm4Sale\/","article_modified_time":"2022-06-06T19:28:36+00:00","og_image":[{"width":1904,"height":479,"url":"https:\/\/firm4sale.ch\/wp-content\/uploads\/2018\/08\/firm4sale_temoignages.png","type":"image\/png"}],"twitter_card":"summary_large_image","twitter_misc":{"Dur\u00e9e de lecture estim\u00e9e":"1 minute"},"schema":{"@context":"https:\/\/schema.org","@graph":[{"@type":"WebPage","@id":"https:\/\/dev.firm4sale.ch\/fr\/temoignages\/","url":"https:\/\/dev.firm4sale.ch\/fr\/temoignages\/","name":"T\u00e9moignages d'utilisateurs - FIRM4SALE","isPartOf":{"@id":"https:\/\/firm4sale.ch\/#website"},"primaryImageOfPage":{"@id":"https:\/\/dev.firm4sale.ch\/fr\/temoignages\/#primaryimage"},"image":{"@id":"https:\/\/dev.firm4sale.ch\/fr\/temoignages\/#primaryimage"},"thumbnailUrl":"https:\/\/dev.firm4sale.ch\/wp-content\/uploads\/2018\/08\/firm4sale_temoignages.png","datePublished":"2018-08-09T13:56:08+00:00","dateModified":"2022-06-06T19:28:36+00:00","description":"Voici des t\u00e9moignages d'utilisateurs de FIRM4SALE. Leur exp\u00e9rience peut se r\u00e9v\u00e9ler fort utile \u00e0 tous ceux qui cherchent \u00e0 transmettre une entreprise.","breadcrumb":{"@id":"https:\/\/dev.firm4sale.ch\/fr\/temoignages\/#breadcrumb"},"inLanguage":"fr-FR","potentialAction":[{"@type":"ReadAction","target":["https:\/\/dev.firm4sale.ch\/fr\/temoignages\/"]}]},{"@type":"ImageObject","inLanguage":"fr-FR","@id":"https:\/\/dev.firm4sale.ch\/fr\/temoignages\/#primaryimage","url":"https:\/\/dev.firm4sale.ch\/wp-content\/uploads\/2018\/08\/firm4sale_temoignages.png","contentUrl":"https:\/\/dev.firm4sale.ch\/wp-content\/uploads\/2018\/08\/firm4sale_temoignages.png","width":1904,"height":479},{"@type":"BreadcrumbList","@id":"https:\/\/dev.firm4sale.ch\/fr\/temoignages\/#breadcrumb","itemListElement":[{"@type":"ListItem","position":1,"name":"Accueil","item":"https:\/\/firm4sale.ch\/fr\/"},{"@type":"ListItem","position":2,"name":"T\u00e9moignages d&rsquo;utilisateurs"}]},{"@type":"WebSite","@id":"https:\/\/firm4sale.ch\/#website","url":"https:\/\/firm4sale.ch\/","name":"FIRM4SALE","description":"\u200bL&#039;unique site de rencontres qui met directement en relation vendeurs et acheteurs d&#039;entreprises.","publisher":{"@id":"https:\/\/firm4sale.ch\/#organization"},"potentialAction":[{"@type":"SearchAction","target":{"@type":"EntryPoint","urlTemplate":"https:\/\/firm4sale.ch\/?s={search_term_string}"},"query-input":{"@type":"PropertyValueSpecification","valueRequired":true,"valueName":"search_term_string"}}],"inLanguage":"fr-FR"},{"@type":"Organization","@id":"https:\/\/firm4sale.ch\/#organization","name":"FIRM4SALE","url":"https:\/\/firm4sale.ch\/","logo":{"@type":"ImageObject","inLanguage":"fr-FR","@id":"https:\/\/firm4sale.ch\/#\/schema\/logo\/image\/","url":"","contentUrl":"","caption":"FIRM4SALE"},"image":{"@id":"https:\/\/firm4sale.ch\/#\/schema\/logo\/image\/"},"sameAs":["https:\/\/www.facebook.com\/Firm4Sale\/"]}]}},"_links":{"self":[{"href":"https:\/\/dev.firm4sale.ch\/fr\/wp-json\/wp\/v2\/pages\/8297","targetHints":{"allow":["GET"]}}],"collection":[{"href":"https:\/\/dev.firm4sale.ch\/fr\/wp-json\/wp\/v2\/pages"}],"about":[{"href":"https:\/\/dev.firm4sale.ch\/fr\/wp-json\/wp\/v2\/types\/page"}],"author":[{"embeddable":true,"href":"https:\/\/dev.firm4sale.ch\/fr\/wp-json\/wp\/v2\/users\/222"}],"replies":[{"embeddable":true,"href":"https:\/\/dev.firm4sale.ch\/fr\/wp-json\/wp\/v2\/comments?post=8297"}],"version-history":[{"count":7,"href":"https:\/\/dev.firm4sale.ch\/fr\/wp-json\/wp\/v2\/pages\/8297\/revisions"}],"predecessor-version":[{"id":32700,"href":"https:\/\/dev.firm4sale.ch\/fr\/wp-json\/wp\/v2\/pages\/8297\/revisions\/32700"}],"wp:featuredmedia":[{"embeddable":true,"href":"https:\/\/dev.firm4sale.ch\/fr\/wp-json\/wp\/v2\/media\/8313"}],"wp:attachment":[{"href":"https:\/\/dev.firm4sale.ch\/fr\/wp-json\/wp\/v2\/media?parent=8297"}],"curies":[{"name":"wp","href":"https:\/\/api.w.org\/{rel}","templated":true}]}}